{"id":3269,"date":"2024-12-26T19:33:50","date_gmt":"2024-12-26T14:33:50","guid":{"rendered":"https:\/\/golden-yarn.com\/ueber-uns\/"},"modified":"2026-01-09T14:22:28","modified_gmt":"2026-01-09T09:22:28","slug":"ueber-uns","status":"publish","type":"page","link":"https:\/\/golden-yarn.com\/de\/ueber-uns\/","title":{"rendered":"\u00dcber uns"},"content":{"rendered":"\t\t<div data-elementor-type=\"wp-page\" data-elementor-id=\"3269\" class=\"elementor elementor-3269 elementor-425\" data-elementor-post-type=\"page\">\n\t\t\t\t<div class=\"elementor-element elementor-element-245dc0a e-flex e-con-boxed e-con e-parent\" data-id=\"245dc0a\" data-element_type=\"container\">\n\t\t\t\t\t<div class=\"e-con-inner\">\n\t\t\t\t<div class=\"elementor-element elementor-element-bfbf258 elementor-widget elementor-widget-breadcrumbs\" data-id=\"bfbf258\" data-element_type=\"widget\" data-widget_type=\"breadcrumbs.default\">\n\t\t\t\t<div class=\"elementor-widget-container\">\n\t\t\t\t\t<nav aria-label=\"breadcrumbs\" class=\"rank-math-breadcrumb\"><p><span class=\"last\">Startseite<\/span><\/p><\/nav>\t\t\t\t<\/div>\n\t\t\t\t<\/div>\n\t\t<div class=\"elementor-element elementor-element-b9a7453 e-con-full e-flex e-con e-child\" data-id=\"b9a7453\" data-element_type=\"container\">\n\t\t\t\t<div class=\"elementor-element elementor-element-029f624 elementor-widget elementor-widget-heading\" data-id=\"029f624\" data-element_type=\"widget\" data-widget_type=\"heading.default\">\n\t\t\t\t<div class=\"elementor-widget-container\">\n\t\t\t\t\t<h1 class=\"elementor-heading-title elementor-size-default\">\u00dcber uns<\/h1>\t\t\t\t<\/div>\n\t\t\t\t<\/div>\n\t\t\t\t<div class=\"elementor-element elementor-element-bcf5ac8 elementor-widget elementor-widget-heading\" data-id=\"bcf5ac8\" data-element_type=\"widget\" data-widget_type=\"heading.default\">\n\t\t\t\t<div class=\"elementor-widget-container\">\n\t\t\t\t\t<h2 class=\"elementor-heading-title elementor-size-default\">Wer wir sind<\/h2>\t\t\t\t<\/div>\n\t\t\t\t<\/div>\n\t\t\t\t<div class=\"elementor-element elementor-element-29a0a72 elementor-widget elementor-widget-text-editor\" data-id=\"29a0a72\" data-element_type=\"widget\" data-widget_type=\"text-editor.default\">\n\t\t\t\t<div class=\"elementor-widget-container\">\n\t\t\t\t\t\t\t\t\t<p>Unser Unternehmen ist ein f\u00fchrender Hersteller von Polypropylengarnen und beliefert ausschlie\u00dflich die Teppichindustrie. Mit einer 25.000 Quadratmeter gro\u00dfen Produktionsst\u00e4tte und erstklassiger Ausr\u00fcstung von Mennan Makina, Saurer Volkmann und Superba bieten wir unvergleichliche Qualit\u00e4t und individuelle Anpassung. Unsere erfahrenen Spezialisten mit mehr als 20 Jahren Erfahrung \u00fcberwachen jeden Aspekt der Produktion, um Konsistenz und Qualit\u00e4t zu gew\u00e4hrleisten.  <\/p>\t\t\t\t\t\t\t\t<\/div>\n\t\t\t\t<\/div>\n\t\t\t\t<div class=\"elementor-element elementor-element-e2c650a elementor-widget elementor-widget-heading\" data-id=\"e2c650a\" data-element_type=\"widget\" data-widget_type=\"heading.default\">\n\t\t\t\t<div class=\"elementor-widget-container\">\n\t\t\t\t\t<h2 class=\"elementor-heading-title elementor-size-default\">Unser Team<\/h2>\t\t\t\t<\/div>\n\t\t\t\t<\/div>\n\t\t<div class=\"elementor-element elementor-element-4790f24 e-con-full e-flex e-con e-child\" data-id=\"4790f24\" data-element_type=\"container\">\n\t\t<div class=\"elementor-element elementor-element-da888e5 e-con-full e-flex e-con e-child\" data-id=\"da888e5\" data-element_type=\"container\">\n\t\t\t\t<div class=\"elementor-element elementor-element-c783780 elementor-widget elementor-widget-image\" data-id=\"c783780\" data-element_type=\"widget\" data-widget_type=\"image.default\">\n\t\t\t\t<div class=\"elementor-widget-container\">\n\t\t\t\t\t\t\t\t\t\t\t\t\t\t\t<img fetchpriority=\"high\" decoding=\"async\" width=\"800\" height=\"800\" src=\"https:\/\/golden-yarn.com\/wp-content\/uploads\/2026\/01\/Begmyrat.webp\" class=\"attachment-large size-large wp-image-4182\" alt=\"\" srcset=\"https:\/\/golden-yarn.com\/wp-content\/uploads\/2026\/01\/Begmyrat.webp 1024w, https:\/\/golden-yarn.com\/wp-content\/uploads\/2026\/01\/Begmyrat-300x300.webp 300w, https:\/\/golden-yarn.com\/wp-content\/uploads\/2026\/01\/Begmyrat-150x150.webp 150w, https:\/\/golden-yarn.com\/wp-content\/uploads\/2026\/01\/Begmyrat-768x768.webp 768w\" sizes=\"(max-width: 800px) 100vw, 800px\">\t\t\t\t\t\t\t\t\t\t\t\t\t\t\t<\/div>\n\t\t\t\t<\/div>\n\t\t\t\t<div class=\"elementor-element elementor-element-14be9bf elementor-widget elementor-widget-heading\" data-id=\"14be9bf\" data-element_type=\"widget\" data-widget_type=\"heading.default\">\n\t\t\t\t<div class=\"elementor-widget-container\">\n\t\t\t\t\t<div class=\"elementor-heading-title elementor-size-default\">\"Wettbewerbsf\u00e4hige Preisgestaltung, Qualit\u00e4tskontrolle und globales Angebot\".<\/div>\t\t\t\t<\/div>\n\t\t\t\t<\/div>\n\t\t\t\t<div class=\"elementor-element elementor-element-b8aadf8 elementor-widget elementor-widget-heading\" data-id=\"b8aadf8\" data-element_type=\"widget\" data-widget_type=\"heading.default\">\n\t\t\t\t<div class=\"elementor-widget-container\">\n\t\t\t\t\t<div class=\"elementor-heading-title elementor-size-default\">Begmyrat Meredov<\/div>\t\t\t\t<\/div>\n\t\t\t\t<\/div>\n\t\t\t\t<div class=\"elementor-element elementor-element-3926796 elementor-widget elementor-widget-heading\" data-id=\"3926796\" data-element_type=\"widget\" data-widget_type=\"heading.default\">\n\t\t\t\t<div class=\"elementor-widget-container\">\n\t\t\t\t\t<div class=\"elementor-heading-title elementor-size-default\">Generaldirektor<\/div>\t\t\t\t<\/div>\n\t\t\t\t<\/div>\n\t\t\t\t<\/div>\n\t\t<div class=\"elementor-element elementor-element-99d237c e-con-full e-flex e-con e-child\" data-id=\"99d237c\" data-element_type=\"container\">\n\t\t\t\t<div class=\"elementor-element elementor-element-cc38244 elementor-widget elementor-widget-image\" data-id=\"cc38244\" data-element_type=\"widget\" data-widget_type=\"image.default\">\n\t\t\t\t<div class=\"elementor-widget-container\">\n\t\t\t\t\t\t\t\t\t\t\t\t\t\t\t<img decoding=\"async\" width=\"800\" height=\"778\" src=\"https:\/\/golden-yarn.com\/wp-content\/uploads\/2025\/01\/Mehmet-Kaya.-Product-Technical-Manager.webp\" class=\"attachment-large size-large wp-image-2377\" alt=\"\" srcset=\"https:\/\/golden-yarn.com\/wp-content\/uploads\/2025\/01\/Mehmet-Kaya.-Product-Technical-Manager.webp 1000w, https:\/\/golden-yarn.com\/wp-content\/uploads\/2025\/01\/Mehmet-Kaya.-Product-Technical-Manager-300x292.webp 300w, https:\/\/golden-yarn.com\/wp-content\/uploads\/2025\/01\/Mehmet-Kaya.-Product-Technical-Manager-768x747.webp 768w\" sizes=\"(max-width: 800px) 100vw, 800px\">\t\t\t\t\t\t\t\t\t\t\t\t\t\t\t<\/div>\n\t\t\t\t<\/div>\n\t\t\t\t<div class=\"elementor-element elementor-element-02b05ca elementor-widget elementor-widget-heading\" data-id=\"02b05ca\" data-element_type=\"widget\" data-widget_type=\"heading.default\">\n\t\t\t\t<div class=\"elementor-widget-container\">\n\t\t\t\t\t<div class=\"elementor-heading-title elementor-size-default\">\"Ma\u00dfgeschneiderte Garnl\u00f6sungen mit fortschrittlicher europ\u00e4ischer Technologie meistern\".<\/div>\t\t\t\t<\/div>\n\t\t\t\t<\/div>\n\t\t\t\t<div class=\"elementor-element elementor-element-94a8b2b elementor-widget elementor-widget-heading\" data-id=\"94a8b2b\" data-element_type=\"widget\" data-widget_type=\"heading.default\">\n\t\t\t\t<div class=\"elementor-widget-container\">\n\t\t\t\t\t<div class=\"elementor-heading-title elementor-size-default\">Mehmet Kaya<\/div>\t\t\t\t<\/div>\n\t\t\t\t<\/div>\n\t\t\t\t<div class=\"elementor-element elementor-element-2932b77 elementor-widget elementor-widget-heading\" data-id=\"2932b77\" data-element_type=\"widget\" data-widget_type=\"heading.default\">\n\t\t\t\t<div class=\"elementor-widget-container\">\n\t\t\t\t\t<div class=\"elementor-heading-title elementor-size-default\">Technischer Produktmanager<\/div>\t\t\t\t<\/div>\n\t\t\t\t<\/div>\n\t\t\t\t<\/div>\n\t\t<div class=\"elementor-element elementor-element-3c4471e e-con-full e-flex e-con e-child\" data-id=\"3c4471e\" data-element_type=\"container\">\n\t\t\t\t<div class=\"elementor-element elementor-element-e934f32 elementor-widget elementor-widget-image\" data-id=\"e934f32\" data-element_type=\"widget\" data-widget_type=\"image.default\">\n\t\t\t\t<div class=\"elementor-widget-container\">\n\t\t\t\t\t\t\t\t\t\t\t\t\t\t\t<img decoding=\"async\" width=\"800\" height=\"778\" src=\"https:\/\/golden-yarn.com\/wp-content\/uploads\/2025\/01\/Mehmet-Kyrach.-Production-Supervisor.webp\" class=\"attachment-large size-large wp-image-2385\" alt=\"\" srcset=\"https:\/\/golden-yarn.com\/wp-content\/uploads\/2025\/01\/Mehmet-Kyrach.-Production-Supervisor.webp 1000w, https:\/\/golden-yarn.com\/wp-content\/uploads\/2025\/01\/Mehmet-Kyrach.-Production-Supervisor-300x292.webp 300w, https:\/\/golden-yarn.com\/wp-content\/uploads\/2025\/01\/Mehmet-Kyrach.-Production-Supervisor-768x747.webp 768w\" sizes=\"(max-width: 800px) 100vw, 800px\">\t\t\t\t\t\t\t\t\t\t\t\t\t\t\t<\/div>\n\t\t\t\t<\/div>\n\t\t\t\t<div class=\"elementor-element elementor-element-18cd999 elementor-widget elementor-widget-heading\" data-id=\"18cd999\" data-element_type=\"widget\" data-widget_type=\"heading.default\">\n\t\t\t\t<div class=\"elementor-widget-container\">\n\t\t\t\t\t<div class=\"elementor-heading-title elementor-size-default\">\"Langlebige, schmutzabweisende Garne mit gleichbleibender Pr\u00e4zision.\"<\/div>\t\t\t\t<\/div>\n\t\t\t\t<\/div>\n\t\t\t\t<div class=\"elementor-element elementor-element-0737ffe elementor-widget elementor-widget-heading\" data-id=\"0737ffe\" data-element_type=\"widget\" data-widget_type=\"heading.default\">\n\t\t\t\t<div class=\"elementor-widget-container\">\n\t\t\t\t\t<div class=\"elementor-heading-title elementor-size-default\">Mehmet Kyrach<\/div>\t\t\t\t<\/div>\n\t\t\t\t<\/div>\n\t\t\t\t<div class=\"elementor-element elementor-element-5f82688 elementor-widget elementor-widget-heading\" data-id=\"5f82688\" data-element_type=\"widget\" data-widget_type=\"heading.default\">\n\t\t\t\t<div class=\"elementor-widget-container\">\n\t\t\t\t\t<div class=\"elementor-heading-title elementor-size-default\">Supervisor Produktion<\/div>\t\t\t\t<\/div>\n\t\t\t\t<\/div>\n\t\t\t\t<\/div>\n\t\t\t\t<\/div>\n\t\t\t\t<div class=\"elementor-element elementor-element-f4b9a5e elementor-widget elementor-widget-heading\" data-id=\"f4b9a5e\" data-element_type=\"widget\" data-widget_type=\"heading.default\">\n\t\t\t\t<div class=\"elementor-widget-container\">\n\t\t\t\t\t<h2 class=\"elementor-heading-title elementor-size-default\">Unser Auftrag<\/h2>\t\t\t\t<\/div>\n\t\t\t\t<\/div>\n\t\t\t\t<div class=\"elementor-element elementor-element-f055f5d elementor-widget elementor-widget-image\" data-id=\"f055f5d\" data-element_type=\"widget\" data-widget_type=\"image.default\">\n\t\t\t\t<div class=\"elementor-widget-container\">\n\t\t\t\t\t\t\t\t\t\t\t\t\t\t\t<img loading=\"lazy\" decoding=\"async\" width=\"800\" height=\"450\" src=\"https:\/\/golden-yarn.com\/wp-content\/uploads\/2025\/01\/Golden-Yarn-Company.-Yarn-twisting-knot-1024x576.webp\" class=\"attachment-large size-large wp-image-2401\" alt=\"\" srcset=\"https:\/\/golden-yarn.com\/wp-content\/uploads\/2025\/01\/Golden-Yarn-Company.-Yarn-twisting-knot-1024x576.webp 1024w, https:\/\/golden-yarn.com\/wp-content\/uploads\/2025\/01\/Golden-Yarn-Company.-Yarn-twisting-knot-300x169.webp 300w, https:\/\/golden-yarn.com\/wp-content\/uploads\/2025\/01\/Golden-Yarn-Company.-Yarn-twisting-knot-768x432.webp 768w, https:\/\/golden-yarn.com\/wp-content\/uploads\/2025\/01\/Golden-Yarn-Company.-Yarn-twisting-knot-1536x864.webp 1536w, https:\/\/golden-yarn.com\/wp-content\/uploads\/2025\/01\/Golden-Yarn-Company.-Yarn-twisting-knot.webp 1920w\" sizes=\"(max-width: 800px) 100vw, 800px\">\t\t\t\t\t\t\t\t\t\t\t\t\t\t\t<\/div>\n\t\t\t\t<\/div>\n\t\t\t\t<div class=\"elementor-element elementor-element-16c9e99 elementor-widget elementor-widget-text-editor\" data-id=\"16c9e99\" data-element_type=\"widget\" data-widget_type=\"text-editor.default\">\n\t\t\t\t<div class=\"elementor-widget-container\">\n\t\t\t\t\t\t\t\t\t<p>Teppichhersteller mit den zuverl\u00e4ssigsten, haltbarsten und innovativsten Polypropylengarnen zu versorgen, damit sie \u00fcberlegene Produkte herstellen k\u00f6nnen, die den sich wandelnden Marktanforderungen entsprechen.<\/p>\t\t\t\t\t\t\t\t<\/div>\n\t\t\t\t<\/div>\n\t\t\t\t<div class=\"elementor-element elementor-element-63ed689 elementor-widget elementor-widget-heading\" data-id=\"63ed689\" data-element_type=\"widget\" data-widget_type=\"heading.default\">\n\t\t\t\t<div class=\"elementor-widget-container\">\n\t\t\t\t\t<h2 class=\"elementor-heading-title elementor-size-default\">Warum w\u00e4hlen Sie uns<\/h2>\t\t\t\t<\/div>\n\t\t\t\t<\/div>\n\t\t\t\t<div class=\"elementor-element elementor-element-7776d2f elementor-widget elementor-widget-text-editor\" data-id=\"7776d2f\" data-element_type=\"widget\" data-widget_type=\"text-editor.default\">\n\t\t\t\t<div class=\"elementor-widget-container\">\n\t\t\t\t\t\t\t\t\t<ul><li><strong>Risikofreie Garantie<\/strong>:<br>Wenn Ihre Teppiche mit unserem Garn nicht Ihren Erwartungen entsprechen, erstatten wir Ihnen die erste Charge.<\/li><li><strong>Unerreichte Qualit\u00e4t &amp; Innovation<\/strong><br>Wir verwenden fortschrittliche Maschinen und fachkundige Techniken, um Garne mit hervorragender Fleckenbest\u00e4ndigkeit, Drehfestigkeit und Farbbest\u00e4ndigkeit herzustellen.<\/li><li><strong>Konkurrenzf\u00e4hige Preise, nachgewiesene Einsparungen<\/strong><br>Dank unserer energieeffizienten Betriebsabl\u00e4ufe k\u00f6nnen wir Preise anbieten, die 20-30% unter den Marktpreisen liegen. So k\u00f6nnen Sie Ihre Kosten senken, ohne auf Qualit\u00e4t verzichten zu m\u00fcssen.<\/li><li><strong>Ma\u00dfgeschneiderte L\u00f6sungen f\u00fcr Ihre Bed\u00fcrfnisse<\/strong><br>Wir passen uns Ihren exakten Spezifikationen f\u00fcr Farbe, Textur, Drehung und Leistung an und sorgen daf\u00fcr, dass jede Bestellung Ihren einzigartigen Anforderungen entspricht.<\/li><li><strong>Globale Reichweite, zuverl\u00e4ssige Lieferung<\/strong><br>Mit einer monatlichen Kapazit\u00e4t von 600 Tonnen und einer eigenen Logistikflotte garantieren wir stabile, p\u00fcnktliche Lieferungen an Kunden weltweit.<\/li><\/ul>\t\t\t\t\t\t\t\t<\/div>\n\t\t\t\t<\/div>\n\t\t\t\t<div class=\"elementor-element elementor-element-2e196e7 elementor-widget elementor-widget-heading\" data-id=\"2e196e7\" data-element_type=\"widget\" data-widget_type=\"heading.default\">\n\t\t\t\t<div class=\"elementor-widget-container\">\n\t\t\t\t\t<h2 class=\"elementor-heading-title elementor-size-default\">Unsere Produkte<\/h2>\t\t\t\t<\/div>\n\t\t\t\t<\/div>\n\t\t\t\t<div class=\"elementor-element elementor-element-50b429b elementor-widget elementor-widget-text-editor\" data-id=\"50b429b\" data-element_type=\"widget\" data-widget_type=\"text-editor.default\">\n\t\t\t\t<div class=\"elementor-widget-container\">\n\t\t\t\t\t\t\t\t\t<p>Wir haben uns auf vier wichtige Garntypen spezialisiert, die f\u00fcr die Herstellung von Teppichen optimiert sind:<\/p><ul><li><strong>BCF-Garne<\/strong>: Gebauschte Endlosfilamentgarne mit au\u00dfergew\u00f6hnlicher Elastizit\u00e4t und Haltbarkeit.<\/li><li><strong>Hitzebehandelte Garne<\/strong>: Hochgedrehte, w\u00e4rmebehandelte Garne f\u00fcr eine hervorragende Textur und Drehungsbest\u00e4ndigkeit.<\/li><li><strong>Tricolor-Garne<\/strong>: Mehrfarbige Garne, ideal f\u00fcr lebendige, dynamische Teppichdesigns.<\/li><li><strong>Friesische Garne<\/strong>: Weiche, gekr\u00e4uselte Garne, perfekt f\u00fcr luxuri\u00f6se, strukturierte Teppiche.<\/li><\/ul>\t\t\t\t\t\t\t\t<\/div>\n\t\t\t\t<\/div>\n\t\t\t\t<div class=\"elementor-element elementor-element-a15ab15 elementor-widget elementor-widget-heading\" data-id=\"a15ab15\" data-element_type=\"widget\" data-widget_type=\"heading.default\">\n\t\t\t\t<div class=\"elementor-widget-container\">\n\t\t\t\t\t<h2 class=\"elementor-heading-title elementor-size-default\">Anpassbare Garn-Spezifikationen<\/h2>\t\t\t\t<\/div>\n\t\t\t\t<\/div>\n\t\t\t\t<div class=\"elementor-element elementor-element-74bd695 elementor-widget elementor-widget-text-editor\" data-id=\"74bd695\" data-element_type=\"widget\" data-widget_type=\"text-editor.default\">\n\t\t\t\t<div class=\"elementor-widget-container\">\n\t\t\t\t\t\t\t\t\t<p>Wir bieten vollst\u00e4ndig anpassbare Garnl\u00f6sungen, die genau Ihren Anforderungen entsprechen:<\/p><ul><li><strong>Dtex<\/strong>: 800 bis 10.000<\/li><li><strong>Filamente<\/strong>: 120 bis 420<\/li><li><strong>Form der Spinnd\u00fcse<\/strong>: Trilobal, Delta, oder benutzerdefiniert<\/li><li><strong>Twist-Optionen<\/strong>: 40 TPM bis 700 TPM (S, Z, Einzel, Verkabelung)<\/li><\/ul>\t\t\t\t\t\t\t\t<\/div>\n\t\t\t\t<\/div>\n\t\t\t\t<div class=\"elementor-element elementor-element-7f0c0b8 elementor-widget elementor-widget-heading\" data-id=\"7f0c0b8\" data-element_type=\"widget\" data-widget_type=\"heading.default\">\n\t\t\t\t<div class=\"elementor-widget-container\">\n\t\t\t\t\t<h2 class=\"elementor-heading-title elementor-size-default\">Unser Bekenntnis zur Qualit\u00e4t<\/h2>\t\t\t\t<\/div>\n\t\t\t\t<\/div>\n\t\t\t\t<div class=\"elementor-element elementor-element-7da40a0 elementor-widget elementor-widget-image\" data-id=\"7da40a0\" data-element_type=\"widget\" data-widget_type=\"image.default\">\n\t\t\t\t<div class=\"elementor-widget-container\">\n\t\t\t\t\t\t\t\t\t\t\t\t\t\t\t<img loading=\"lazy\" decoding=\"async\" width=\"800\" height=\"600\" src=\"https:\/\/golden-yarn.com\/wp-content\/uploads\/2025\/01\/Yarn-Quality-Control-1024x768.webp\" class=\"attachment-large size-large wp-image-2409\" alt=\"\" srcset=\"https:\/\/golden-yarn.com\/wp-content\/uploads\/2025\/01\/Yarn-Quality-Control-1024x768.webp 1024w, https:\/\/golden-yarn.com\/wp-content\/uploads\/2025\/01\/Yarn-Quality-Control-300x225.webp 300w, https:\/\/golden-yarn.com\/wp-content\/uploads\/2025\/01\/Yarn-Quality-Control-768x576.webp 768w, https:\/\/golden-yarn.com\/wp-content\/uploads\/2025\/01\/Yarn-Quality-Control-1536x1152.webp 1536w, https:\/\/golden-yarn.com\/wp-content\/uploads\/2025\/01\/Yarn-Quality-Control-2048x1536.webp 2048w\" sizes=\"(max-width: 800px) 100vw, 800px\">\t\t\t\t\t\t\t\t\t\t\t\t\t\t\t<\/div>\n\t\t\t\t<\/div>\n\t\t\t\t<div class=\"elementor-element elementor-element-f3b4cb0 elementor-widget elementor-widget-text-editor\" data-id=\"f3b4cb0\" data-element_type=\"widget\" data-widget_type=\"text-editor.default\">\n\t\t\t\t<div class=\"elementor-widget-container\">\n\t\t\t\t\t\t\t\t\t<p>Jedes Produkt wird einer gr\u00fcndlichen Qualit\u00e4tskontrolle unterzogen, um sicherzustellen, dass es den Industriestandards und Ihren speziellen Anforderungen entspricht. Unser hauseigenes Labor testet auf Dehnung, Festigkeit, Kr\u00e4uselung und mehr, um eine einwandfreie Leistung zu gew\u00e4hrleisten. <\/p>\t\t\t\t\t\t\t\t<\/div>\n\t\t\t\t<\/div>\n\t\t\t\t<\/div>\n\t\t\t\t\t<\/div>\n\t\t\t\t<\/div>\n\t\t\t\t<\/div>\n\t\t","protected":false},"excerpt":{"rendered":"<p>Home \u00dcber uns Wer wir sind Unser Unternehmen ist ein f\u00fchrender Hersteller von Polypropylengarnen und beliefert ausschlie\u00dflich die Teppichindustrie. Mit einer 25.000 Quadratmeter gro\u00dfen Produktionsst\u00e4tte und erstklassiger Ausr\u00fcstung von Mennan Makina, Saurer Volkmann und Superba bieten wir unvergleichliche Qualit\u00e4t und individuelle Anpassung. Unsere erfahrenen Spezialisten mit mehr als 20 Jahren Erfahrung \u00fcberwachen jeden Aspekt der [&hellip;]<\/p>\n","protected":false},"author":1,"featured_media":0,"parent":0,"menu_order":0,"comment_status":"closed","ping_status":"closed","template":"","meta":{"footnotes":""},"class_list":["post-3269","page","type-page","status-publish","hentry"],"_links":{"self":[{"href":"https:\/\/golden-yarn.com\/de\/wp-json\/wp\/v2\/pages\/3269","targetHints":{"allow":["GET"]}}],"collection":[{"href":"https:\/\/golden-yarn.com\/de\/wp-json\/wp\/v2\/pages"}],"about":[{"href":"https:\/\/golden-yarn.com\/de\/wp-json\/wp\/v2\/types\/page"}],"author":[{"embeddable":true,"href":"https:\/\/golden-yarn.com\/de\/wp-json\/wp\/v2\/users\/1"}],"replies":[{"embeddable":true,"href":"https:\/\/golden-yarn.com\/de\/wp-json\/wp\/v2\/comments?post=3269"}],"version-history":[{"count":2,"href":"https:\/\/golden-yarn.com\/de\/wp-json\/wp\/v2\/pages\/3269\/revisions"}],"predecessor-version":[{"id":4193,"href":"https:\/\/golden-yarn.com\/de\/wp-json\/wp\/v2\/pages\/3269\/revisions\/4193"}],"wp:attachment":[{"href":"https:\/\/golden-yarn.com\/de\/wp-json\/wp\/v2\/media?parent=3269"}],"curies":[{"name":"wp","href":"https:\/\/api.w.org\/{rel}","templated":true}]}}