{"id":3535,"date":"2024-12-24T16:47:08","date_gmt":"2024-12-24T11:47:08","guid":{"rendered":"https:\/\/golden-yarn.com\/erstattungs-und-rueckgabebestimmungen\/"},"modified":"2025-01-11T21:42:53","modified_gmt":"2025-01-11T16:42:53","slug":"erstattungs-und-rueckgabebestimmungen","status":"publish","type":"page","link":"https:\/\/golden-yarn.com\/de\/erstattungs-und-rueckgabebestimmungen\/","title":{"rendered":"Erstattungs- und R\u00fcckgabebestimmungen"},"content":{"rendered":"\t\t<div data-elementor-type=\"wp-page\" data-elementor-id=\"3535\" class=\"elementor elementor-3535 elementor-21\" data-elementor-post-type=\"page\">\n\t\t\t\t<div class=\"elementor-element elementor-element-80f0245 e-flex e-con-boxed e-con e-parent\" data-id=\"80f0245\" data-element_type=\"container\">\n\t\t\t\t\t<div class=\"e-con-inner\">\n\t\t\t\t<div class=\"elementor-element elementor-element-32daf9f elementor-widget elementor-widget-text-editor\" data-id=\"32daf9f\" data-element_type=\"widget\" data-widget_type=\"text-editor.default\">\n\t\t\t\t<div class=\"elementor-widget-container\">\n\t\t\t\t\t\t\t\t\t<p data-sourcepos=\"5:1-5:30\"><strong>R\u00fcckerstattung &amp; R\u00fcckgabebedingungen<\/strong><\/p>\n<p data-sourcepos=\"7:1-7:33\"><strong>Datumdes Inkrafttretens:<\/strong>&nbsp;02.01.2025<\/p>\n<p data-sourcepos=\"9:1-9:118\">Diese R\u00fcckerstattungs- und R\u00fcckgabebestimmungen beschreiben das Verfahren f\u00fcr die R\u00fcckgabe von Produkten, die auf der Website Golden-Yarn.com gekauft wurden.<\/p>\n<p data-sourcepos=\"11:1-11:14\"><strong>1. R\u00fcckgabe<\/strong><\/p>\n<ul data-sourcepos=\"13:1-24:0\">\n<li data-sourcepos=\"13:1-16:133\"><strong>Zuschussf\u00e4higkeit:<\/strong><br><ul data-sourcepos=\"14:5-16:133\">\n<li data-sourcepos=\"14:5-14:88\">R\u00fccksendungen werden in der Regel innerhalb von 2 Tagen nach dem urspr\u00fcnglichen Kaufdatum angenommen.<\/li>\n<li data-sourcepos=\"15:5-15:98\">Die Artikel m\u00fcssen in ihrem urspr\u00fcnglichen Zustand, unbenutzt und mit der gesamten Originalverpackung zur\u00fcckgegeben werden.<\/li>\n<\/ul>\n<\/li>\n<li data-sourcepos=\"17:1-20:96\"><strong>R\u00fcckgabeprozess:<\/strong><br><ul data-sourcepos=\"18:5-20:96\">\n<li data-sourcepos=\"18:5-18:117\">Um eine R\u00fccksendung zu veranlassen, kontaktieren Sie uns bitte unter info@golden-yarn.com innerhalb des <span class=\"citation-0 interactive-span-selected-v2\">R\u00fccksendezeitraums.<\/span>&nbsp;&nbsp;<\/li>\n<li data-sourcepos=\"20:5-20:96\">Sie sind verantwortlich f\u00fcr die Kosten der R\u00fccksendung es sei denn, die R\u00fccksendung ist auf einen Fehler unsererseits zur\u00fcckzuf\u00fchren.<\/li>\n<\/ul>\n<\/li>\n<li data-sourcepos=\"21:1-24:0\"><strong>Erstattungen:<\/strong><br><ul data-sourcepos=\"22:5-24:0\">\n<li data-sourcepos=\"22:5-22:124\">Sobald wir den zur\u00fcckgesandten Artikel erhalten und seinen Zustand \u00fcberpr\u00fcft haben, werden wir Ihre R\u00fcckerstattung innerhalb von 5 Werktagen bearbeiten.<\/li>\n<li data-sourcepos=\"23:5-24:0\">Erstattungen werden auf die urspr\u00fcngliche Zahlungsweise ausgestellt.<\/li>\n<\/ul>\n<\/li>\n<\/ul>\n<p data-sourcepos=\"25:1-25:33\"><strong>2. Besch\u00e4digte oder mangelhafte Artikel<\/strong><\/p>\n<p data-sourcepos=\"27:1-27:172\">Wenn Sie einen besch\u00e4digten oder defekten Artikel erhalten, kontaktieren Sie uns bitte sofort unter info@golden-yarn.com. Wir werden f\u00fcr einen Ersatz sorgen oder eine volle R\u00fcckerstattung vornehmen. <\/p>\n<p data-sourcepos=\"29:1-29:26\"><strong>3. Stornierungen von Auftr\u00e4gen<\/strong><\/p>\n<p data-sourcepos=\"31:1-31:154\">Sie k\u00f6nnen Ihre Bestellung innerhalb von 6 Stunden nach Aufgabe stornieren. Um eine Bestellung zu stornieren, kontaktieren Sie uns bitte sofort unter info@golden-yarn.com. <\/p>\n<p data-sourcepos=\"33:1-33:17\"><strong>4. Haftungsausschluss<\/strong><\/p>\n<p data-sourcepos=\"35:1-35:141\">Diese Erstattungs- und R\u00fcckgabebestimmungen k\u00f6nnen ohne vorherige Ank\u00fcndigung ge\u00e4ndert werden. Bitte besuchen Sie diese Seite f\u00fcr die aktuellsten Informationen. <\/p>\t\t\t\t\t\t\t\t<\/div>\n\t\t\t\t<\/div>\n\t\t\t\t\t<\/div>\n\t\t\t\t<\/div>\n\t\t\t\t<\/div>\n\t\t","protected":false},"excerpt":{"rendered":"<p>R\u00fcckerstattung &amp; R\u00fcckgabebedingungen Datumdes Inkrafttretens:&nbsp;02.01.2025 Diese R\u00fcckerstattungs- und R\u00fcckgabebestimmungen beschreiben das Verfahren f\u00fcr die R\u00fcckgabe von Produkten, die auf der Website Golden-Yarn.com gekauft wurden. 1. R\u00fcckgabe Zuschussf\u00e4higkeit: R\u00fccksendungen werden in der Regel innerhalb von 2 Tagen nach dem urspr\u00fcnglichen Kaufdatum angenommen. Die Artikel m\u00fcssen in ihrem urspr\u00fcnglichen Zustand, unbenutzt und mit der gesamten Originalverpackung zur\u00fcckgegeben [&hellip;]<\/p>\n","protected":false},"author":1,"featured_media":0,"parent":0,"menu_order":0,"comment_status":"closed","ping_status":"closed","template":"","meta":{"footnotes":""},"class_list":["post-3535","page","type-page","status-publish","hentry"],"_links":{"self":[{"href":"https:\/\/golden-yarn.com\/de\/wp-json\/wp\/v2\/pages\/3535","targetHints":{"allow":["GET"]}}],"collection":[{"href":"https:\/\/golden-yarn.com\/de\/wp-json\/wp\/v2\/pages"}],"about":[{"href":"https:\/\/golden-yarn.com\/de\/wp-json\/wp\/v2\/types\/page"}],"author":[{"embeddable":true,"href":"https:\/\/golden-yarn.com\/de\/wp-json\/wp\/v2\/users\/1"}],"replies":[{"embeddable":true,"href":"https:\/\/golden-yarn.com\/de\/wp-json\/wp\/v2\/comments?post=3535"}],"version-history":[{"count":1,"href":"https:\/\/golden-yarn.com\/de\/wp-json\/wp\/v2\/pages\/3535\/revisions"}],"predecessor-version":[{"id":3536,"href":"https:\/\/golden-yarn.com\/de\/wp-json\/wp\/v2\/pages\/3535\/revisions\/3536"}],"wp:attachment":[{"href":"https:\/\/golden-yarn.com\/de\/wp-json\/wp\/v2\/media?parent=3535"}],"curies":[{"name":"wp","href":"https:\/\/api.w.org\/{rel}","templated":true}]}}