{"id":3538,"date":"2024-12-24T16:48:42","date_gmt":"2024-12-24T11:48:42","guid":{"rendered":"https:\/\/golden-yarn.com\/bedingungen-und-konditionen\/"},"modified":"2025-01-11T21:45:45","modified_gmt":"2025-01-11T16:45:45","slug":"bedingungen-und-konditionen","status":"publish","type":"page","link":"https:\/\/golden-yarn.com\/de\/bedingungen-und-konditionen\/","title":{"rendered":"Bedingungen und Konditionen"},"content":{"rendered":"\t\t<div data-elementor-type=\"wp-page\" data-elementor-id=\"3538\" class=\"elementor elementor-3538 elementor-25\" data-elementor-post-type=\"page\">\n\t\t\t\t<div class=\"elementor-element elementor-element-52f94fa e-flex e-con-boxed e-con e-parent\" data-id=\"52f94fa\" data-element_type=\"container\">\n\t\t\t\t\t<div class=\"e-con-inner\">\n\t\t\t\t<div class=\"elementor-element elementor-element-15e407e elementor-widget elementor-widget-text-editor\" data-id=\"15e407e\" data-element_type=\"widget\" data-widget_type=\"text-editor.default\">\n\t\t\t\t<div class=\"elementor-widget-container\">\n\t\t\t\t\t\t\t\t\t<p data-sourcepos=\"54:1-54:26\"><strong>Bedingungen und Konditionen<\/strong><\/p>\n<p data-sourcepos=\"56:1-56:33\"><strong>Datumdes Inkrafttretens:<\/strong> 02.01.2025<\/p>\n<p data-sourcepos=\"58:1-58:147\">Diese Allgemeinen Gesch\u00e4ftsbedingungen regeln Ihre Nutzung der Golden Yarn Website &#8222;Golden-Yarn.com&#8220;. Durch die Nutzung der Website erkl\u00e4ren Sie sich mit diesen Bedingungen und Konditionen einverstanden. <\/p>\n<p data-sourcepos=\"60:1-60:22\"><strong>1. die Nutzung der Website<\/strong><\/p>\n<p data-sourcepos=\"62:1-62:172\">Sie erkl\u00e4ren sich damit einverstanden , die Website nur zu nutzen rechtm\u00e4\u00dfigen Zwecken und in \u00dcbereinstimmung mit diesen Bedingungen und Bedingungen. Sie sind f\u00fcr alle Aktivit\u00e4ten verantwortlich , die \u00fcber Ihr Konto erfolgen. <\/p>\n<p data-sourcepos=\"64:1-64:28\"><strong>2. Geistiges Eigentum<\/strong><\/p>\n<p data-sourcepos=\"66:1-66:234\">Der Inhalt der Website, <span class=\"citation-10 citation-end-10\">einschlie\u00dflich , aber nicht beschr\u00e4nkt auf Texte, Bilder und Logos, ist durch das Urheberrecht und andere Gesetze \u00fcber geistiges Eigentum gesch\u00fctzt. Sie d\u00fcrfen nicht verwenden <\/span> der Inhalte der Website ohne unsere vorherige schriftliche Zustimmung.<span class=\"button-container hide-from-message-actions ng-star-inserted\">   <\/span><\/p>\n<p data-sourcepos=\"76:1-76:27\"><strong>3. <span class=\"citation-15\">Geltendes Recht<\/span><\/strong><\/p>\n<p data-sourcepos=\"78:1-78:123\"><span class=\"citation-15 citation-end-15\">Diese Allgemeinen Gesch\u00e4ftsbedingungen unterliegen den Gesetzen Turkmenistans und sind nach diesen auszulegen.<\/span><span class=\"button-container hide-from-message-actions ng-star-inserted\">   <\/span><\/p>\n<p data-sourcepos=\"80:1-80:46\"><strong>4. \u00c4nderungen dieser Bedingungen und Konditionen<\/strong><\/p>\n<p data-sourcepos=\"82:1-82:161\"><span class=\"citation-16 citation-end-16\">Wir k\u00f6nnen diese Allgemeinen Gesch\u00e4ftsbedingungen von Zeit zu Zeit aktualisieren. Wir werden Sie \u00fcber alle wesentlichen \u00c4nderungen informieren , indem wir die aktualisierten Bedingungen ver\u00f6ffentlichen <\/span> auf der Website.<span class=\"button-container hide-from-message-actions ng-star-inserted\">  <\/span><\/p>\n<p data-sourcepos=\"82:1-82:161\"><strong>5. kontakt<\/strong><\/p>\n<p data-sourcepos=\"86:1-86:104\">Wenn Sie Fragen zu diesen Allgemeinen Gesch\u00e4ftsbedingungen haben, wenden Sie sich bitte an info@golden-yarn.com.<\/p>\n\t\t\t\t\t\t\t\t<\/div>\n\t\t\t\t<\/div>\n\t\t\t\t\t<\/div>\n\t\t\t\t<\/div>\n\t\t\t\t<\/div>\n\t\t","protected":false},"excerpt":{"rendered":"<p>Bedingungen und Konditionen Datumdes Inkrafttretens: 02.01.2025 Diese Allgemeinen Gesch\u00e4ftsbedingungen regeln Ihre Nutzung der Golden Yarn Website &#8222;Golden-Yarn.com&#8220;. Durch die Nutzung der Website erkl\u00e4ren Sie sich mit diesen Bedingungen und Konditionen einverstanden. 1. die Nutzung der Website Sie erkl\u00e4ren sich damit einverstanden , die Website nur zu nutzen rechtm\u00e4\u00dfigen Zwecken und in \u00dcbereinstimmung mit diesen Bedingungen [&hellip;]<\/p>\n","protected":false},"author":1,"featured_media":0,"parent":0,"menu_order":0,"comment_status":"closed","ping_status":"closed","template":"","meta":{"footnotes":""},"class_list":["post-3538","page","type-page","status-publish","hentry"],"_links":{"self":[{"href":"https:\/\/golden-yarn.com\/de\/wp-json\/wp\/v2\/pages\/3538","targetHints":{"allow":["GET"]}}],"collection":[{"href":"https:\/\/golden-yarn.com\/de\/wp-json\/wp\/v2\/pages"}],"about":[{"href":"https:\/\/golden-yarn.com\/de\/wp-json\/wp\/v2\/types\/page"}],"author":[{"embeddable":true,"href":"https:\/\/golden-yarn.com\/de\/wp-json\/wp\/v2\/users\/1"}],"replies":[{"embeddable":true,"href":"https:\/\/golden-yarn.com\/de\/wp-json\/wp\/v2\/comments?post=3538"}],"version-history":[{"count":1,"href":"https:\/\/golden-yarn.com\/de\/wp-json\/wp\/v2\/pages\/3538\/revisions"}],"predecessor-version":[{"id":3539,"href":"https:\/\/golden-yarn.com\/de\/wp-json\/wp\/v2\/pages\/3538\/revisions\/3539"}],"wp:attachment":[{"href":"https:\/\/golden-yarn.com\/de\/wp-json\/wp\/v2\/media?parent=3538"}],"curies":[{"name":"wp","href":"https:\/\/api.w.org\/{rel}","templated":true}]}}