{"id":3248,"date":"2024-12-26T19:33:50","date_gmt":"2024-12-26T14:33:50","guid":{"rendered":"https:\/\/golden-yarn.com\/quienes-somos\/"},"modified":"2026-01-09T14:28:02","modified_gmt":"2026-01-09T09:28:02","slug":"quienes-somos","status":"publish","type":"page","link":"https:\/\/golden-yarn.com\/es\/quienes-somos\/","title":{"rendered":"Qui\u00e9nes somos"},"content":{"rendered":"\t\t<div data-elementor-type=\"wp-page\" data-elementor-id=\"3248\" class=\"elementor elementor-3248 elementor-425\" data-elementor-post-type=\"page\">\n\t\t\t\t<div class=\"elementor-element elementor-element-245dc0a e-flex e-con-boxed e-con e-parent\" data-id=\"245dc0a\" data-element_type=\"container\">\n\t\t\t\t\t<div class=\"e-con-inner\">\n\t\t\t\t<div class=\"elementor-element elementor-element-bfbf258 elementor-widget elementor-widget-breadcrumbs\" data-id=\"bfbf258\" data-element_type=\"widget\" data-widget_type=\"breadcrumbs.default\">\n\t\t\t\t<div class=\"elementor-widget-container\">\n\t\t\t\t\t<nav aria-label=\"breadcrumbs\" class=\"rank-math-breadcrumb\"><p><span class=\"last\">Inicio<\/span><\/p><\/nav>\t\t\t\t<\/div>\n\t\t\t\t<\/div>\n\t\t<div class=\"elementor-element elementor-element-b9a7453 e-con-full e-flex e-con e-child\" data-id=\"b9a7453\" data-element_type=\"container\">\n\t\t\t\t<div class=\"elementor-element elementor-element-029f624 elementor-widget elementor-widget-heading\" data-id=\"029f624\" data-element_type=\"widget\" data-widget_type=\"heading.default\">\n\t\t\t\t<div class=\"elementor-widget-container\">\n\t\t\t\t\t<h1 class=\"elementor-heading-title elementor-size-default\">Sobre nosotros<\/h1>\t\t\t\t<\/div>\n\t\t\t\t<\/div>\n\t\t\t\t<div class=\"elementor-element elementor-element-bcf5ac8 elementor-widget elementor-widget-heading\" data-id=\"bcf5ac8\" data-element_type=\"widget\" data-widget_type=\"heading.default\">\n\t\t\t\t<div class=\"elementor-widget-container\">\n\t\t\t\t\t<h2 class=\"elementor-heading-title elementor-size-default\">Qui\u00e9nes somos<\/h2>\t\t\t\t<\/div>\n\t\t\t\t<\/div>\n\t\t\t\t<div class=\"elementor-element elementor-element-29a0a72 elementor-widget elementor-widget-text-editor\" data-id=\"29a0a72\" data-element_type=\"widget\" data-widget_type=\"text-editor.default\">\n\t\t\t\t<div class=\"elementor-widget-container\">\n\t\t\t\t\t\t\t\t\t<p>Nuestra empresa es un fabricante l\u00edder de hilos de polipropileno, que sirve exclusivamente a la industria de alfombras y moquetas. Con una planta de producci\u00f3n de 25.000 metros cuadrados y equipos de primera l\u00ednea de Mennan Makina, Saurer Volkmann y Superba, ofrecemos una calidad y una personalizaci\u00f3n inigualables. Nuestros experimentados especialistas, con m\u00e1s de 20 a\u00f1os de experiencia, supervisan todos los aspectos de la producci\u00f3n para garantizar la coherencia y la excelencia.  <\/p>\t\t\t\t\t\t\t\t<\/div>\n\t\t\t\t<\/div>\n\t\t\t\t<div class=\"elementor-element elementor-element-e2c650a elementor-widget elementor-widget-heading\" data-id=\"e2c650a\" data-element_type=\"widget\" data-widget_type=\"heading.default\">\n\t\t\t\t<div class=\"elementor-widget-container\">\n\t\t\t\t\t<h2 class=\"elementor-heading-title elementor-size-default\">Nuestro equipo<\/h2>\t\t\t\t<\/div>\n\t\t\t\t<\/div>\n\t\t<div class=\"elementor-element elementor-element-4790f24 e-con-full e-flex e-con e-child\" data-id=\"4790f24\" data-element_type=\"container\">\n\t\t<div class=\"elementor-element elementor-element-da888e5 e-con-full e-flex e-con e-child\" data-id=\"da888e5\" data-element_type=\"container\">\n\t\t\t\t<div class=\"elementor-element elementor-element-c783780 elementor-widget elementor-widget-image\" data-id=\"c783780\" data-element_type=\"widget\" data-widget_type=\"image.default\">\n\t\t\t\t<div class=\"elementor-widget-container\">\n\t\t\t\t\t\t\t\t\t\t\t\t\t\t\t<img fetchpriority=\"high\" decoding=\"async\" width=\"800\" height=\"800\" src=\"https:\/\/golden-yarn.com\/wp-content\/uploads\/2026\/01\/Begmyrat.webp\" class=\"attachment-large size-large wp-image-4184\" alt=\"\" srcset=\"https:\/\/golden-yarn.com\/wp-content\/uploads\/2026\/01\/Begmyrat.webp 1024w, https:\/\/golden-yarn.com\/wp-content\/uploads\/2026\/01\/Begmyrat-300x300.webp 300w, https:\/\/golden-yarn.com\/wp-content\/uploads\/2026\/01\/Begmyrat-150x150.webp 150w, https:\/\/golden-yarn.com\/wp-content\/uploads\/2026\/01\/Begmyrat-768x768.webp 768w\" sizes=\"(max-width: 800px) 100vw, 800px\">\t\t\t\t\t\t\t\t\t\t\t\t\t\t\t<\/div>\n\t\t\t\t<\/div>\n\t\t\t\t<div class=\"elementor-element elementor-element-14be9bf elementor-widget elementor-widget-heading\" data-id=\"14be9bf\" data-element_type=\"widget\" data-widget_type=\"heading.default\">\n\t\t\t\t<div class=\"elementor-widget-container\">\n\t\t\t\t\t<div class=\"elementor-heading-title elementor-size-default\">\"Impulsar la fijaci\u00f3n de precios competitivos, el control de calidad y el suministro global\".<\/div>\t\t\t\t<\/div>\n\t\t\t\t<\/div>\n\t\t\t\t<div class=\"elementor-element elementor-element-b8aadf8 elementor-widget elementor-widget-heading\" data-id=\"b8aadf8\" data-element_type=\"widget\" data-widget_type=\"heading.default\">\n\t\t\t\t<div class=\"elementor-widget-container\">\n\t\t\t\t\t<div class=\"elementor-heading-title elementor-size-default\">Begmyrat Meredov<\/div>\t\t\t\t<\/div>\n\t\t\t\t<\/div>\n\t\t\t\t<div class=\"elementor-element elementor-element-3926796 elementor-widget elementor-widget-heading\" data-id=\"3926796\" data-element_type=\"widget\" data-widget_type=\"heading.default\">\n\t\t\t\t<div class=\"elementor-widget-container\">\n\t\t\t\t\t<div class=\"elementor-heading-title elementor-size-default\">Director General<\/div>\t\t\t\t<\/div>\n\t\t\t\t<\/div>\n\t\t\t\t<\/div>\n\t\t<div class=\"elementor-element elementor-element-99d237c e-con-full e-flex e-con e-child\" data-id=\"99d237c\" data-element_type=\"container\">\n\t\t\t\t<div class=\"elementor-element elementor-element-cc38244 elementor-widget elementor-widget-image\" data-id=\"cc38244\" data-element_type=\"widget\" data-widget_type=\"image.default\">\n\t\t\t\t<div class=\"elementor-widget-container\">\n\t\t\t\t\t\t\t\t\t\t\t\t\t\t\t<img decoding=\"async\" width=\"800\" height=\"778\" src=\"https:\/\/golden-yarn.com\/wp-content\/uploads\/2025\/01\/Mehmet-Kaya.-Product-Technical-Manager.webp\" class=\"attachment-large size-large wp-image-2379\" alt=\"\" srcset=\"https:\/\/golden-yarn.com\/wp-content\/uploads\/2025\/01\/Mehmet-Kaya.-Product-Technical-Manager.webp 1000w, https:\/\/golden-yarn.com\/wp-content\/uploads\/2025\/01\/Mehmet-Kaya.-Product-Technical-Manager-300x292.webp 300w, https:\/\/golden-yarn.com\/wp-content\/uploads\/2025\/01\/Mehmet-Kaya.-Product-Technical-Manager-768x747.webp 768w\" sizes=\"(max-width: 800px) 100vw, 800px\">\t\t\t\t\t\t\t\t\t\t\t\t\t\t\t<\/div>\n\t\t\t\t<\/div>\n\t\t\t\t<div class=\"elementor-element elementor-element-02b05ca elementor-widget elementor-widget-heading\" data-id=\"02b05ca\" data-element_type=\"widget\" data-widget_type=\"heading.default\">\n\t\t\t\t<div class=\"elementor-widget-container\">\n\t\t\t\t\t<div class=\"elementor-heading-title elementor-size-default\">\"Dominar las soluciones de hilo a medida con tecnolog\u00eda europea avanzada\".<\/div>\t\t\t\t<\/div>\n\t\t\t\t<\/div>\n\t\t\t\t<div class=\"elementor-element elementor-element-94a8b2b elementor-widget elementor-widget-heading\" data-id=\"94a8b2b\" data-element_type=\"widget\" data-widget_type=\"heading.default\">\n\t\t\t\t<div class=\"elementor-widget-container\">\n\t\t\t\t\t<div class=\"elementor-heading-title elementor-size-default\">Mehmet Kaya<\/div>\t\t\t\t<\/div>\n\t\t\t\t<\/div>\n\t\t\t\t<div class=\"elementor-element elementor-element-2932b77 elementor-widget elementor-widget-heading\" data-id=\"2932b77\" data-element_type=\"widget\" data-widget_type=\"heading.default\">\n\t\t\t\t<div class=\"elementor-widget-container\">\n\t\t\t\t\t<div class=\"elementor-heading-title elementor-size-default\">Director T\u00e9cnico de Producto<\/div>\t\t\t\t<\/div>\n\t\t\t\t<\/div>\n\t\t\t\t<\/div>\n\t\t<div class=\"elementor-element elementor-element-3c4471e e-con-full e-flex e-con e-child\" data-id=\"3c4471e\" data-element_type=\"container\">\n\t\t\t\t<div class=\"elementor-element elementor-element-e934f32 elementor-widget elementor-widget-image\" data-id=\"e934f32\" data-element_type=\"widget\" data-widget_type=\"image.default\">\n\t\t\t\t<div class=\"elementor-widget-container\">\n\t\t\t\t\t\t\t\t\t\t\t\t\t\t\t<img decoding=\"async\" width=\"800\" height=\"778\" src=\"https:\/\/golden-yarn.com\/wp-content\/uploads\/2025\/01\/Mehmet-Kyrach.-Production-Supervisor.webp\" class=\"attachment-large size-large wp-image-2387\" alt=\"\" srcset=\"https:\/\/golden-yarn.com\/wp-content\/uploads\/2025\/01\/Mehmet-Kyrach.-Production-Supervisor.webp 1000w, https:\/\/golden-yarn.com\/wp-content\/uploads\/2025\/01\/Mehmet-Kyrach.-Production-Supervisor-300x292.webp 300w, https:\/\/golden-yarn.com\/wp-content\/uploads\/2025\/01\/Mehmet-Kyrach.-Production-Supervisor-768x747.webp 768w\" sizes=\"(max-width: 800px) 100vw, 800px\">\t\t\t\t\t\t\t\t\t\t\t\t\t\t\t<\/div>\n\t\t\t\t<\/div>\n\t\t\t\t<div class=\"elementor-element elementor-element-18cd999 elementor-widget elementor-widget-heading\" data-id=\"18cd999\" data-element_type=\"widget\" data-widget_type=\"heading.default\">\n\t\t\t\t<div class=\"elementor-widget-container\">\n\t\t\t\t\t<div class=\"elementor-heading-title elementor-size-default\">\"Garantizando Hilos Duraderos y Resistentes a las Manchas con Precisi\u00f3n Consistente\".<\/div>\t\t\t\t<\/div>\n\t\t\t\t<\/div>\n\t\t\t\t<div class=\"elementor-element elementor-element-0737ffe elementor-widget elementor-widget-heading\" data-id=\"0737ffe\" data-element_type=\"widget\" data-widget_type=\"heading.default\">\n\t\t\t\t<div class=\"elementor-widget-container\">\n\t\t\t\t\t<div class=\"elementor-heading-title elementor-size-default\">Mehmet Kyrach<\/div>\t\t\t\t<\/div>\n\t\t\t\t<\/div>\n\t\t\t\t<div class=\"elementor-element elementor-element-5f82688 elementor-widget elementor-widget-heading\" data-id=\"5f82688\" data-element_type=\"widget\" data-widget_type=\"heading.default\">\n\t\t\t\t<div class=\"elementor-widget-container\">\n\t\t\t\t\t<div class=\"elementor-heading-title elementor-size-default\">Supervisor de producci\u00f3n<\/div>\t\t\t\t<\/div>\n\t\t\t\t<\/div>\n\t\t\t\t<\/div>\n\t\t\t\t<\/div>\n\t\t\t\t<div class=\"elementor-element elementor-element-f4b9a5e elementor-widget elementor-widget-heading\" data-id=\"f4b9a5e\" data-element_type=\"widget\" data-widget_type=\"heading.default\">\n\t\t\t\t<div class=\"elementor-widget-container\">\n\t\t\t\t\t<h2 class=\"elementor-heading-title elementor-size-default\">Nuestra misi\u00f3n<\/h2>\t\t\t\t<\/div>\n\t\t\t\t<\/div>\n\t\t\t\t<div class=\"elementor-element elementor-element-f055f5d elementor-widget elementor-widget-image\" data-id=\"f055f5d\" data-element_type=\"widget\" data-widget_type=\"image.default\">\n\t\t\t\t<div class=\"elementor-widget-container\">\n\t\t\t\t\t\t\t\t\t\t\t\t\t\t\t<img loading=\"lazy\" decoding=\"async\" width=\"800\" height=\"450\" src=\"https:\/\/golden-yarn.com\/wp-content\/uploads\/2025\/01\/Golden-Yarn-Company.-Yarn-twisting-knot-1024x576.webp\" class=\"attachment-large size-large wp-image-2403\" alt=\"\" srcset=\"https:\/\/golden-yarn.com\/wp-content\/uploads\/2025\/01\/Golden-Yarn-Company.-Yarn-twisting-knot-1024x576.webp 1024w, https:\/\/golden-yarn.com\/wp-content\/uploads\/2025\/01\/Golden-Yarn-Company.-Yarn-twisting-knot-300x169.webp 300w, https:\/\/golden-yarn.com\/wp-content\/uploads\/2025\/01\/Golden-Yarn-Company.-Yarn-twisting-knot-768x432.webp 768w, https:\/\/golden-yarn.com\/wp-content\/uploads\/2025\/01\/Golden-Yarn-Company.-Yarn-twisting-knot-1536x864.webp 1536w, https:\/\/golden-yarn.com\/wp-content\/uploads\/2025\/01\/Golden-Yarn-Company.-Yarn-twisting-knot.webp 1920w\" sizes=\"(max-width: 800px) 100vw, 800px\">\t\t\t\t\t\t\t\t\t\t\t\t\t\t\t<\/div>\n\t\t\t\t<\/div>\n\t\t\t\t<div class=\"elementor-element elementor-element-16c9e99 elementor-widget elementor-widget-text-editor\" data-id=\"16c9e99\" data-element_type=\"widget\" data-widget_type=\"text-editor.default\">\n\t\t\t\t<div class=\"elementor-widget-container\">\n\t\t\t\t\t\t\t\t\t<p>Proporcionar a los fabricantes de alfombras los hilos de polipropileno m\u00e1s fiables, duraderos e innovadores, permiti\u00e9ndoles crear productos superiores que satisfagan las demandas cambiantes del mercado.<\/p>\t\t\t\t\t\t\t\t<\/div>\n\t\t\t\t<\/div>\n\t\t\t\t<div class=\"elementor-element elementor-element-63ed689 elementor-widget elementor-widget-heading\" data-id=\"63ed689\" data-element_type=\"widget\" data-widget_type=\"heading.default\">\n\t\t\t\t<div class=\"elementor-widget-container\">\n\t\t\t\t\t<h2 class=\"elementor-heading-title elementor-size-default\">Por qu\u00e9 elegirnos<\/h2>\t\t\t\t<\/div>\n\t\t\t\t<\/div>\n\t\t\t\t<div class=\"elementor-element elementor-element-7776d2f elementor-widget elementor-widget-text-editor\" data-id=\"7776d2f\" data-element_type=\"widget\" data-widget_type=\"text-editor.default\">\n\t\t\t\t<div class=\"elementor-widget-container\">\n\t\t\t\t\t\t\t\t\t<ul><li><strong>Garant\u00eda sin riesgo<\/strong>:<br>Si tus alfombras no cumplen tus expectativas con nuestro hilo, te reembolsamos el primer lote.<\/li><li><strong>Calidad e innovaci\u00f3n inigualables<\/strong><br>Utilizamos maquinaria avanzada y t\u00e9cnicas expertas para producir hilos con una resistencia a las manchas, una retenci\u00f3n de la torsi\u00f3n y una durabilidad del color superiores.<\/li><li><strong>Precios competitivos, ahorros probados<\/strong><br>Nuestras operaciones energ\u00e9ticamente eficientes nos permiten ofrecer precios un 20-30% inferiores a los del mercado, ayud\u00e1ndote a reducir costes sin sacrificar la calidad.<\/li><li><strong>Soluciones personalizadas adaptadas a tus necesidades<\/strong><br>Nos ajustamos a tus especificaciones exactas de color, textura, torsi\u00f3n y rendimiento, garantizando que cada pedido cumpla tus requisitos exclusivos.<\/li><li><strong>Alcance mundial, suministro fiable<\/strong><br>Con una capacidad mensual de 600 toneladas y una flota log\u00edstica propia, garantizamos entregas estables y puntuales a clientes de todo el mundo.<\/li><\/ul>\t\t\t\t\t\t\t\t<\/div>\n\t\t\t\t<\/div>\n\t\t\t\t<div class=\"elementor-element elementor-element-2e196e7 elementor-widget elementor-widget-heading\" data-id=\"2e196e7\" data-element_type=\"widget\" data-widget_type=\"heading.default\">\n\t\t\t\t<div class=\"elementor-widget-container\">\n\t\t\t\t\t<h2 class=\"elementor-heading-title elementor-size-default\">Nuestros productos<\/h2>\t\t\t\t<\/div>\n\t\t\t\t<\/div>\n\t\t\t\t<div class=\"elementor-element elementor-element-50b429b elementor-widget elementor-widget-text-editor\" data-id=\"50b429b\" data-element_type=\"widget\" data-widget_type=\"text-editor.default\">\n\t\t\t\t<div class=\"elementor-widget-container\">\n\t\t\t\t\t\t\t\t\t<p>Estamos especializados en cuatro tipos clave de hilo, optimizados para la fabricaci\u00f3n de alfombras y moquetas:<\/p><ul><li><strong>Hilos BCF<\/strong>: Hilos de filamento continuo a granel con una resistencia y durabilidad excepcionales.<\/li><li><strong>Hilos termofijados<\/strong>: Hilos de alta torsi\u00f3n tratados t\u00e9rmicamente para una textura y una retenci\u00f3n de la torsi\u00f3n superiores.<\/li><li><strong>Hilos tricolores<\/strong>: Hilos multicolores ideales para dise\u00f1os de alfombras vibrantes y din\u00e1micos.<\/li><li><strong>Hilos Friso<\/strong>: Hilos suaves y rizados perfectos para alfombras lujosas y con textura.<\/li><\/ul>\t\t\t\t\t\t\t\t<\/div>\n\t\t\t\t<\/div>\n\t\t\t\t<div class=\"elementor-element elementor-element-a15ab15 elementor-widget elementor-widget-heading\" data-id=\"a15ab15\" data-element_type=\"widget\" data-widget_type=\"heading.default\">\n\t\t\t\t<div class=\"elementor-widget-container\">\n\t\t\t\t\t<h2 class=\"elementor-heading-title elementor-size-default\">Especificaciones personalizables del hilo<\/h2>\t\t\t\t<\/div>\n\t\t\t\t<\/div>\n\t\t\t\t<div class=\"elementor-element elementor-element-74bd695 elementor-widget elementor-widget-text-editor\" data-id=\"74bd695\" data-element_type=\"widget\" data-widget_type=\"text-editor.default\">\n\t\t\t\t<div class=\"elementor-widget-container\">\n\t\t\t\t\t\t\t\t\t<p>Ofrecemos soluciones de hilo totalmente personalizables para satisfacer tus requisitos exactos:<\/p><ul><li><strong>Dtex<\/strong>: de 800 a 10.000<\/li><li><strong>Filamentos<\/strong>: 120 a 420<\/li><li><strong>Forma de la hilera<\/strong>: Trilobal, Delta o personalizada<\/li><li><strong>Opciones de torsi\u00f3n<\/strong>: De 40 TPM a 700 TPM (S, Z, Simple, Cableado)<\/li><\/ul>\t\t\t\t\t\t\t\t<\/div>\n\t\t\t\t<\/div>\n\t\t\t\t<div class=\"elementor-element elementor-element-7f0c0b8 elementor-widget elementor-widget-heading\" data-id=\"7f0c0b8\" data-element_type=\"widget\" data-widget_type=\"heading.default\">\n\t\t\t\t<div class=\"elementor-widget-container\">\n\t\t\t\t\t<h2 class=\"elementor-heading-title elementor-size-default\">Nuestro compromiso con la calidad<\/h2>\t\t\t\t<\/div>\n\t\t\t\t<\/div>\n\t\t\t\t<div class=\"elementor-element elementor-element-7da40a0 elementor-widget elementor-widget-image\" data-id=\"7da40a0\" data-element_type=\"widget\" data-widget_type=\"image.default\">\n\t\t\t\t<div class=\"elementor-widget-container\">\n\t\t\t\t\t\t\t\t\t\t\t\t\t\t\t<img loading=\"lazy\" decoding=\"async\" width=\"800\" height=\"600\" src=\"https:\/\/golden-yarn.com\/wp-content\/uploads\/2025\/01\/Yarn-Quality-Control-1024x768.webp\" class=\"attachment-large size-large wp-image-2411\" alt=\"\" srcset=\"https:\/\/golden-yarn.com\/wp-content\/uploads\/2025\/01\/Yarn-Quality-Control-1024x768.webp 1024w, https:\/\/golden-yarn.com\/wp-content\/uploads\/2025\/01\/Yarn-Quality-Control-300x225.webp 300w, https:\/\/golden-yarn.com\/wp-content\/uploads\/2025\/01\/Yarn-Quality-Control-768x576.webp 768w, https:\/\/golden-yarn.com\/wp-content\/uploads\/2025\/01\/Yarn-Quality-Control-1536x1152.webp 1536w, https:\/\/golden-yarn.com\/wp-content\/uploads\/2025\/01\/Yarn-Quality-Control-2048x1536.webp 2048w\" sizes=\"(max-width: 800px) 100vw, 800px\">\t\t\t\t\t\t\t\t\t\t\t\t\t\t\t<\/div>\n\t\t\t\t<\/div>\n\t\t\t\t<div class=\"elementor-element elementor-element-f3b4cb0 elementor-widget elementor-widget-text-editor\" data-id=\"f3b4cb0\" data-element_type=\"widget\" data-widget_type=\"text-editor.default\">\n\t\t\t\t<div class=\"elementor-widget-container\">\n\t\t\t\t\t\t\t\t\t<p>Cada producto se somete a un exhaustivo control de calidad, que garantiza el cumplimiento de las normas del sector y tus necesidades espec\u00edficas. Nuestro laboratorio interno comprueba el alargamiento, la tenacidad, la ondulaci\u00f3n y otros par\u00e1metros para garantizar un rendimiento impecable. <\/p>\t\t\t\t\t\t\t\t<\/div>\n\t\t\t\t<\/div>\n\t\t\t\t<\/div>\n\t\t\t\t\t<\/div>\n\t\t\t\t<\/div>\n\t\t\t\t<\/div>\n\t\t","protected":false},"excerpt":{"rendered":"<p>Home Sobre nosotros Qui\u00e9nes somos Nuestra empresa es un fabricante l\u00edder de hilos de polipropileno, que sirve exclusivamente a la industria de alfombras y moquetas. Con una planta de producci\u00f3n de 25.000 metros cuadrados y equipos de primera l\u00ednea de Mennan Makina, Saurer Volkmann y Superba, ofrecemos una calidad y una personalizaci\u00f3n inigualables. Nuestros experimentados [&hellip;]<\/p>\n","protected":false},"author":1,"featured_media":0,"parent":0,"menu_order":0,"comment_status":"closed","ping_status":"closed","template":"","meta":{"footnotes":""},"class_list":["post-3248","page","type-page","status-publish","hentry"],"_links":{"self":[{"href":"https:\/\/golden-yarn.com\/es\/wp-json\/wp\/v2\/pages\/3248","targetHints":{"allow":["GET"]}}],"collection":[{"href":"https:\/\/golden-yarn.com\/es\/wp-json\/wp\/v2\/pages"}],"about":[{"href":"https:\/\/golden-yarn.com\/es\/wp-json\/wp\/v2\/types\/page"}],"author":[{"embeddable":true,"href":"https:\/\/golden-yarn.com\/es\/wp-json\/wp\/v2\/users\/1"}],"replies":[{"embeddable":true,"href":"https:\/\/golden-yarn.com\/es\/wp-json\/wp\/v2\/comments?post=3248"}],"version-history":[{"count":5,"href":"https:\/\/golden-yarn.com\/es\/wp-json\/wp\/v2\/pages\/3248\/revisions"}],"predecessor-version":[{"id":4195,"href":"https:\/\/golden-yarn.com\/es\/wp-json\/wp\/v2\/pages\/3248\/revisions\/4195"}],"wp:attachment":[{"href":"https:\/\/golden-yarn.com\/es\/wp-json\/wp\/v2\/media?parent=3248"}],"curies":[{"name":"wp","href":"https:\/\/api.w.org\/{rel}","templated":true}]}}