{"id":3524,"date":"2024-12-24T16:48:42","date_gmt":"2024-12-24T11:48:42","guid":{"rendered":"https:\/\/golden-yarn.com\/condiciones-generales\/"},"modified":"2025-01-11T21:20:14","modified_gmt":"2025-01-11T16:20:14","slug":"condiciones-generales","status":"publish","type":"page","link":"https:\/\/golden-yarn.com\/es\/condiciones-generales\/","title":{"rendered":"Condiciones generales"},"content":{"rendered":"\t\t<div data-elementor-type=\"wp-page\" data-elementor-id=\"3524\" class=\"elementor elementor-3524 elementor-25\" data-elementor-post-type=\"page\">\n\t\t\t\t<div class=\"elementor-element elementor-element-52f94fa e-flex e-con-boxed e-con e-parent\" data-id=\"52f94fa\" data-element_type=\"container\">\n\t\t\t\t\t<div class=\"e-con-inner\">\n\t\t\t\t<div class=\"elementor-element elementor-element-15e407e elementor-widget elementor-widget-text-editor\" data-id=\"15e407e\" data-element_type=\"widget\" data-widget_type=\"text-editor.default\">\n\t\t\t\t<div class=\"elementor-widget-container\">\n\t\t\t\t\t\t\t\t\t<p data-sourcepos=\"54:1-54:26\"><strong>Condiciones generales<\/strong><\/p>\n<p data-sourcepos=\"56:1-56:33\"><strong>Fecha deentrada en vigor:<\/strong> 02.01.2025<\/p>\n<p data-sourcepos=\"58:1-58:147\">Las presentes Condiciones Generales regulan el uso del sitio web de Golden Yarn\u00bbGolden-Yarn.com\u00bb. Al utilizar el Sitio, usted acepta estos T\u00e9rminos y Condiciones. <\/p>\n<p data-sourcepos=\"60:1-60:22\"><strong>1. Uso del sitio web<\/strong><\/p>\n<p data-sourcepos=\"62:1-62:172\">Usted se compromete a utilizar el Sitio \u00fanicamente con fines l\u00edcitos y de conformidad con los presentes T\u00e9rminos y Condiciones. Usted es responsable de toda la actividad que se produzca en su cuenta. <\/p>\n<p data-sourcepos=\"64:1-64:28\"><strong>2. Propiedad intelectual<\/strong><\/p>\n<p data-sourcepos=\"66:1-66:234\">El contenido del Sitio, <span class=\"citation-10 citation-end-10\">incluidos , entre otros, textos, im\u00e1genes y logotipos, est\u00e1 protegido por derechos de autor y otras leyes de propiedad intelectual. Usted no puede utilizar <\/span> cualquier contenido del Sitio sin nuestro consentimiento previo por escrito.<span class=\"button-container hide-from-message-actions ng-star-inserted\">   <\/span><\/p>\n<p data-sourcepos=\"76:1-76:27\"><strong>3. <span class=\"citation-15\"> Derechoaplicable<\/span><\/strong><\/p>\n<p data-sourcepos=\"78:1-78:123\"><span class=\"citation-15 citation-end-15\">Las presentes Condiciones Condiciones se regir\u00e1n e interpretar\u00e1n de conformidad con la legislaci\u00f3n de Turkmenist\u00e1n.<\/span><span class=\"button-container hide-from-message-actions ng-star-inserted\">   <\/span><\/p>\n<p data-sourcepos=\"80:1-80:46\"><strong>4. Modificaciones de las presentes condiciones generales<\/strong><\/p>\n<p data-sourcepos=\"82:1-82:161\"><span class=\"citation-16 citation-end-16\">Podemos actualizar estos T\u00e9rminos y Condiciones de vez en cuando. Le notificaremos cualquier cambio sustancial mediante la publicaci\u00f3n de los t\u00e9rminos actualizados <\/span> en el Sitio.<span class=\"button-container hide-from-message-actions ng-star-inserted\">  <\/span><\/p>\n<p data-sourcepos=\"82:1-82:161\"><strong>5. Contacto<\/strong><\/p>\n<p data-sourcepos=\"86:1-86:104\">Si tiene alguna pregunta sobre estas Condiciones Condiciones, p\u00f3ngase en contacto con nosotros en info@golden-yarn.com.<\/p>\n\t\t\t\t\t\t\t\t<\/div>\n\t\t\t\t<\/div>\n\t\t\t\t\t<\/div>\n\t\t\t\t<\/div>\n\t\t\t\t<\/div>\n\t\t","protected":false},"excerpt":{"rendered":"<p>Condiciones generales Fecha deentrada en vigor: 02.01.2025 Las presentes Condiciones Generales regulan el uso del sitio web de Golden Yarn\u00bbGolden-Yarn.com\u00bb. Al utilizar el Sitio, usted acepta estos T\u00e9rminos y Condiciones. 1. Uso del sitio web Usted se compromete a utilizar el Sitio \u00fanicamente con fines l\u00edcitos y de conformidad con los presentes T\u00e9rminos y Condiciones. [&hellip;]<\/p>\n","protected":false},"author":1,"featured_media":0,"parent":0,"menu_order":0,"comment_status":"closed","ping_status":"closed","template":"","meta":{"footnotes":""},"class_list":["post-3524","page","type-page","status-publish","hentry"],"_links":{"self":[{"href":"https:\/\/golden-yarn.com\/es\/wp-json\/wp\/v2\/pages\/3524","targetHints":{"allow":["GET"]}}],"collection":[{"href":"https:\/\/golden-yarn.com\/es\/wp-json\/wp\/v2\/pages"}],"about":[{"href":"https:\/\/golden-yarn.com\/es\/wp-json\/wp\/v2\/types\/page"}],"author":[{"embeddable":true,"href":"https:\/\/golden-yarn.com\/es\/wp-json\/wp\/v2\/users\/1"}],"replies":[{"embeddable":true,"href":"https:\/\/golden-yarn.com\/es\/wp-json\/wp\/v2\/comments?post=3524"}],"version-history":[{"count":1,"href":"https:\/\/golden-yarn.com\/es\/wp-json\/wp\/v2\/pages\/3524\/revisions"}],"predecessor-version":[{"id":3525,"href":"https:\/\/golden-yarn.com\/es\/wp-json\/wp\/v2\/pages\/3524\/revisions\/3525"}],"wp:attachment":[{"href":"https:\/\/golden-yarn.com\/es\/wp-json\/wp\/v2\/media?parent=3524"}],"curies":[{"name":"wp","href":"https:\/\/api.w.org\/{rel}","templated":true}]}}