{"id":3259,"date":"2024-12-26T19:33:50","date_gmt":"2024-12-26T14:33:50","guid":{"rendered":"https:\/\/golden-yarn.com\/a-propos-de-nous\/"},"modified":"2026-01-09T14:19:45","modified_gmt":"2026-01-09T09:19:45","slug":"a-propos-de-nous","status":"publish","type":"page","link":"https:\/\/golden-yarn.com\/fr\/a-propos-de-nous\/","title":{"rendered":"A propos de nous"},"content":{"rendered":"\t\t<div data-elementor-type=\"wp-page\" data-elementor-id=\"3259\" class=\"elementor elementor-3259 elementor-425\" data-elementor-post-type=\"page\">\n\t\t\t\t<div class=\"elementor-element elementor-element-245dc0a e-flex e-con-boxed e-con e-parent\" data-id=\"245dc0a\" data-element_type=\"container\">\n\t\t\t\t\t<div class=\"e-con-inner\">\n\t\t\t\t<div class=\"elementor-element elementor-element-bfbf258 elementor-widget elementor-widget-breadcrumbs\" data-id=\"bfbf258\" data-element_type=\"widget\" data-widget_type=\"breadcrumbs.default\">\n\t\t\t\t<div class=\"elementor-widget-container\">\n\t\t\t\t\t<nav aria-label=\"breadcrumbs\" class=\"rank-math-breadcrumb\"><p><span class=\"last\">Accueil<\/span><\/p><\/nav>\t\t\t\t<\/div>\n\t\t\t\t<\/div>\n\t\t<div class=\"elementor-element elementor-element-b9a7453 e-con-full e-flex e-con e-child\" data-id=\"b9a7453\" data-element_type=\"container\">\n\t\t\t\t<div class=\"elementor-element elementor-element-029f624 elementor-widget elementor-widget-heading\" data-id=\"029f624\" data-element_type=\"widget\" data-widget_type=\"heading.default\">\n\t\t\t\t<div class=\"elementor-widget-container\">\n\t\t\t\t\t<h1 class=\"elementor-heading-title elementor-size-default\">A propos de nous<\/h1>\t\t\t\t<\/div>\n\t\t\t\t<\/div>\n\t\t\t\t<div class=\"elementor-element elementor-element-bcf5ac8 elementor-widget elementor-widget-heading\" data-id=\"bcf5ac8\" data-element_type=\"widget\" data-widget_type=\"heading.default\">\n\t\t\t\t<div class=\"elementor-widget-container\">\n\t\t\t\t\t<h2 class=\"elementor-heading-title elementor-size-default\">Qui sommes-nous ?<\/h2>\t\t\t\t<\/div>\n\t\t\t\t<\/div>\n\t\t\t\t<div class=\"elementor-element elementor-element-29a0a72 elementor-widget elementor-widget-text-editor\" data-id=\"29a0a72\" data-element_type=\"widget\" data-widget_type=\"text-editor.default\">\n\t\t\t\t<div class=\"elementor-widget-container\">\n\t\t\t\t\t\t\t\t\t<p>Notre soci\u00e9t\u00e9 est l&rsquo;un des principaux fabricants de fils de polypropyl\u00e8ne, exclusivement destin\u00e9s \u00e0 l&rsquo;industrie du tapis et de la moquette. Avec un site de production de 25 000 m\u00e8tres carr\u00e9s et des \u00e9quipements haut de gamme de Mennan Makina, Saurer Volkmann et Superba, nous offrons une qualit\u00e9 et une personnalisation in\u00e9gal\u00e9es. Nos sp\u00e9cialistes chevronn\u00e9s, qui ont plus de 20 ans d&rsquo;exp\u00e9rience, supervisent chaque aspect de la production pour garantir la coh\u00e9rence et l&rsquo;excellence.  <\/p>\t\t\t\t\t\t\t\t<\/div>\n\t\t\t\t<\/div>\n\t\t\t\t<div class=\"elementor-element elementor-element-e2c650a elementor-widget elementor-widget-heading\" data-id=\"e2c650a\" data-element_type=\"widget\" data-widget_type=\"heading.default\">\n\t\t\t\t<div class=\"elementor-widget-container\">\n\t\t\t\t\t<h2 class=\"elementor-heading-title elementor-size-default\">Notre \u00e9quipe<\/h2>\t\t\t\t<\/div>\n\t\t\t\t<\/div>\n\t\t<div class=\"elementor-element elementor-element-4790f24 e-con-full e-flex e-con e-child\" data-id=\"4790f24\" data-element_type=\"container\">\n\t\t<div class=\"elementor-element elementor-element-da888e5 e-con-full e-flex e-con e-child\" data-id=\"da888e5\" data-element_type=\"container\">\n\t\t\t\t<div class=\"elementor-element elementor-element-c783780 elementor-widget elementor-widget-image\" data-id=\"c783780\" data-element_type=\"widget\" data-widget_type=\"image.default\">\n\t\t\t\t<div class=\"elementor-widget-container\">\n\t\t\t\t\t\t\t\t\t\t\t\t\t\t\t<img fetchpriority=\"high\" decoding=\"async\" width=\"800\" height=\"800\" src=\"https:\/\/golden-yarn.com\/wp-content\/uploads\/2026\/01\/Begmyrat.webp\" class=\"attachment-large size-large wp-image-4181\" alt=\"\" srcset=\"https:\/\/golden-yarn.com\/wp-content\/uploads\/2026\/01\/Begmyrat.webp 1024w, https:\/\/golden-yarn.com\/wp-content\/uploads\/2026\/01\/Begmyrat-300x300.webp 300w, https:\/\/golden-yarn.com\/wp-content\/uploads\/2026\/01\/Begmyrat-150x150.webp 150w, https:\/\/golden-yarn.com\/wp-content\/uploads\/2026\/01\/Begmyrat-768x768.webp 768w\" sizes=\"(max-width: 800px) 100vw, 800px\">\t\t\t\t\t\t\t\t\t\t\t\t\t\t\t<\/div>\n\t\t\t\t<\/div>\n\t\t\t\t<div class=\"elementor-element elementor-element-14be9bf elementor-widget elementor-widget-heading\" data-id=\"14be9bf\" data-element_type=\"widget\" data-widget_type=\"heading.default\">\n\t\t\t\t<div class=\"elementor-widget-container\">\n\t\t\t\t\t<div class=\"elementor-heading-title elementor-size-default\">\"La fixation de prix comp\u00e9titifs, le contr\u00f4le de la qualit\u00e9 et l'approvisionnement mondial\".<\/div>\t\t\t\t<\/div>\n\t\t\t\t<\/div>\n\t\t\t\t<div class=\"elementor-element elementor-element-b8aadf8 elementor-widget elementor-widget-heading\" data-id=\"b8aadf8\" data-element_type=\"widget\" data-widget_type=\"heading.default\">\n\t\t\t\t<div class=\"elementor-widget-container\">\n\t\t\t\t\t<div class=\"elementor-heading-title elementor-size-default\">Begmyrat Meredov<\/div>\t\t\t\t<\/div>\n\t\t\t\t<\/div>\n\t\t\t\t<div class=\"elementor-element elementor-element-3926796 elementor-widget elementor-widget-heading\" data-id=\"3926796\" data-element_type=\"widget\" data-widget_type=\"heading.default\">\n\t\t\t\t<div class=\"elementor-widget-container\">\n\t\t\t\t\t<div class=\"elementor-heading-title elementor-size-default\">Directeur g\u00e9n\u00e9ral<\/div>\t\t\t\t<\/div>\n\t\t\t\t<\/div>\n\t\t\t\t<\/div>\n\t\t<div class=\"elementor-element elementor-element-99d237c e-con-full e-flex e-con e-child\" data-id=\"99d237c\" data-element_type=\"container\">\n\t\t\t\t<div class=\"elementor-element elementor-element-cc38244 elementor-widget elementor-widget-image\" data-id=\"cc38244\" data-element_type=\"widget\" data-widget_type=\"image.default\">\n\t\t\t\t<div class=\"elementor-widget-container\">\n\t\t\t\t\t\t\t\t\t\t\t\t\t\t\t<img decoding=\"async\" width=\"800\" height=\"778\" src=\"https:\/\/golden-yarn.com\/wp-content\/uploads\/2025\/01\/Mehmet-Kaya.-Product-Technical-Manager.webp\" class=\"attachment-large size-large wp-image-2376\" alt=\"\" srcset=\"https:\/\/golden-yarn.com\/wp-content\/uploads\/2025\/01\/Mehmet-Kaya.-Product-Technical-Manager.webp 1000w, https:\/\/golden-yarn.com\/wp-content\/uploads\/2025\/01\/Mehmet-Kaya.-Product-Technical-Manager-300x292.webp 300w, https:\/\/golden-yarn.com\/wp-content\/uploads\/2025\/01\/Mehmet-Kaya.-Product-Technical-Manager-768x747.webp 768w\" sizes=\"(max-width: 800px) 100vw, 800px\">\t\t\t\t\t\t\t\t\t\t\t\t\t\t\t<\/div>\n\t\t\t\t<\/div>\n\t\t\t\t<div class=\"elementor-element elementor-element-02b05ca elementor-widget elementor-widget-heading\" data-id=\"02b05ca\" data-element_type=\"widget\" data-widget_type=\"heading.default\">\n\t\t\t\t<div class=\"elementor-widget-container\">\n\t\t\t\t\t<div class=\"elementor-heading-title elementor-size-default\">\"Mastering Custom Yarn Solutions with Advanced European Technology\" (Ma\u00eetrise des solutions de fil sur mesure gr\u00e2ce \u00e0 une technologie europ\u00e9enne avanc\u00e9e).<\/div>\t\t\t\t<\/div>\n\t\t\t\t<\/div>\n\t\t\t\t<div class=\"elementor-element elementor-element-94a8b2b elementor-widget elementor-widget-heading\" data-id=\"94a8b2b\" data-element_type=\"widget\" data-widget_type=\"heading.default\">\n\t\t\t\t<div class=\"elementor-widget-container\">\n\t\t\t\t\t<div class=\"elementor-heading-title elementor-size-default\">Mehmet Kaya<\/div>\t\t\t\t<\/div>\n\t\t\t\t<\/div>\n\t\t\t\t<div class=\"elementor-element elementor-element-2932b77 elementor-widget elementor-widget-heading\" data-id=\"2932b77\" data-element_type=\"widget\" data-widget_type=\"heading.default\">\n\t\t\t\t<div class=\"elementor-widget-container\">\n\t\t\t\t\t<div class=\"elementor-heading-title elementor-size-default\">Chef de produit technique<\/div>\t\t\t\t<\/div>\n\t\t\t\t<\/div>\n\t\t\t\t<\/div>\n\t\t<div class=\"elementor-element elementor-element-3c4471e e-con-full e-flex e-con e-child\" data-id=\"3c4471e\" data-element_type=\"container\">\n\t\t\t\t<div class=\"elementor-element elementor-element-e934f32 elementor-widget elementor-widget-image\" data-id=\"e934f32\" data-element_type=\"widget\" data-widget_type=\"image.default\">\n\t\t\t\t<div class=\"elementor-widget-container\">\n\t\t\t\t\t\t\t\t\t\t\t\t\t\t\t<img decoding=\"async\" width=\"800\" height=\"778\" src=\"https:\/\/golden-yarn.com\/wp-content\/uploads\/2025\/01\/Mehmet-Kyrach.-Production-Supervisor.webp\" class=\"attachment-large size-large wp-image-2384\" alt=\"\" srcset=\"https:\/\/golden-yarn.com\/wp-content\/uploads\/2025\/01\/Mehmet-Kyrach.-Production-Supervisor.webp 1000w, https:\/\/golden-yarn.com\/wp-content\/uploads\/2025\/01\/Mehmet-Kyrach.-Production-Supervisor-300x292.webp 300w, https:\/\/golden-yarn.com\/wp-content\/uploads\/2025\/01\/Mehmet-Kyrach.-Production-Supervisor-768x747.webp 768w\" sizes=\"(max-width: 800px) 100vw, 800px\">\t\t\t\t\t\t\t\t\t\t\t\t\t\t\t<\/div>\n\t\t\t\t<\/div>\n\t\t\t\t<div class=\"elementor-element elementor-element-18cd999 elementor-widget elementor-widget-heading\" data-id=\"18cd999\" data-element_type=\"widget\" data-widget_type=\"heading.default\">\n\t\t\t\t<div class=\"elementor-widget-container\">\n\t\t\t\t\t<div class=\"elementor-heading-title elementor-size-default\">\"Garantir des fils durables et r\u00e9sistants aux taches avec une pr\u00e9cision constante\".<\/div>\t\t\t\t<\/div>\n\t\t\t\t<\/div>\n\t\t\t\t<div class=\"elementor-element elementor-element-0737ffe elementor-widget elementor-widget-heading\" data-id=\"0737ffe\" data-element_type=\"widget\" data-widget_type=\"heading.default\">\n\t\t\t\t<div class=\"elementor-widget-container\">\n\t\t\t\t\t<div class=\"elementor-heading-title elementor-size-default\">Mehmet Kyrach<\/div>\t\t\t\t<\/div>\n\t\t\t\t<\/div>\n\t\t\t\t<div class=\"elementor-element elementor-element-5f82688 elementor-widget elementor-widget-heading\" data-id=\"5f82688\" data-element_type=\"widget\" data-widget_type=\"heading.default\">\n\t\t\t\t<div class=\"elementor-widget-container\">\n\t\t\t\t\t<div class=\"elementor-heading-title elementor-size-default\">Superviseur de la production<\/div>\t\t\t\t<\/div>\n\t\t\t\t<\/div>\n\t\t\t\t<\/div>\n\t\t\t\t<\/div>\n\t\t\t\t<div class=\"elementor-element elementor-element-f4b9a5e elementor-widget elementor-widget-heading\" data-id=\"f4b9a5e\" data-element_type=\"widget\" data-widget_type=\"heading.default\">\n\t\t\t\t<div class=\"elementor-widget-container\">\n\t\t\t\t\t<h2 class=\"elementor-heading-title elementor-size-default\">Notre mission<\/h2>\t\t\t\t<\/div>\n\t\t\t\t<\/div>\n\t\t\t\t<div class=\"elementor-element elementor-element-f055f5d elementor-widget elementor-widget-image\" data-id=\"f055f5d\" data-element_type=\"widget\" data-widget_type=\"image.default\">\n\t\t\t\t<div class=\"elementor-widget-container\">\n\t\t\t\t\t\t\t\t\t\t\t\t\t\t\t<img loading=\"lazy\" decoding=\"async\" width=\"800\" height=\"450\" src=\"https:\/\/golden-yarn.com\/wp-content\/uploads\/2025\/01\/Golden-Yarn-Company.-Yarn-twisting-knot-1024x576.webp\" class=\"attachment-large size-large wp-image-2400\" alt=\"\" srcset=\"https:\/\/golden-yarn.com\/wp-content\/uploads\/2025\/01\/Golden-Yarn-Company.-Yarn-twisting-knot-1024x576.webp 1024w, https:\/\/golden-yarn.com\/wp-content\/uploads\/2025\/01\/Golden-Yarn-Company.-Yarn-twisting-knot-300x169.webp 300w, https:\/\/golden-yarn.com\/wp-content\/uploads\/2025\/01\/Golden-Yarn-Company.-Yarn-twisting-knot-768x432.webp 768w, https:\/\/golden-yarn.com\/wp-content\/uploads\/2025\/01\/Golden-Yarn-Company.-Yarn-twisting-knot-1536x864.webp 1536w, https:\/\/golden-yarn.com\/wp-content\/uploads\/2025\/01\/Golden-Yarn-Company.-Yarn-twisting-knot.webp 1920w\" sizes=\"(max-width: 800px) 100vw, 800px\">\t\t\t\t\t\t\t\t\t\t\t\t\t\t\t<\/div>\n\t\t\t\t<\/div>\n\t\t\t\t<div class=\"elementor-element elementor-element-16c9e99 elementor-widget elementor-widget-text-editor\" data-id=\"16c9e99\" data-element_type=\"widget\" data-widget_type=\"text-editor.default\">\n\t\t\t\t<div class=\"elementor-widget-container\">\n\t\t\t\t\t\t\t\t\t<p>Fournir aux fabricants de tapis les fils de polypropyl\u00e8ne les plus fiables, les plus durables et les plus innovants, afin de leur permettre de cr\u00e9er des produits de qualit\u00e9 sup\u00e9rieure qui r\u00e9pondent \u00e0 l&rsquo;\u00e9volution des demandes du march\u00e9.<\/p>\t\t\t\t\t\t\t\t<\/div>\n\t\t\t\t<\/div>\n\t\t\t\t<div class=\"elementor-element elementor-element-63ed689 elementor-widget elementor-widget-heading\" data-id=\"63ed689\" data-element_type=\"widget\" data-widget_type=\"heading.default\">\n\t\t\t\t<div class=\"elementor-widget-container\">\n\t\t\t\t\t<h2 class=\"elementor-heading-title elementor-size-default\">Pourquoi nous choisir ?<\/h2>\t\t\t\t<\/div>\n\t\t\t\t<\/div>\n\t\t\t\t<div class=\"elementor-element elementor-element-7776d2f elementor-widget elementor-widget-text-editor\" data-id=\"7776d2f\" data-element_type=\"widget\" data-widget_type=\"text-editor.default\">\n\t\t\t\t<div class=\"elementor-widget-container\">\n\t\t\t\t\t\t\t\t\t<ul><li><strong>Garantie sans risque<\/strong>:<br>Si vos tapis ne r\u00e9pondent pas \u00e0 vos attentes avec notre fil, nous vous remboursons le premier lot.<\/li><li><strong>Qualit\u00e9 et innovation in\u00e9gal\u00e9es<\/strong><br>Nous utilisons des machines de pointe et des techniques expertes pour produire des fils pr\u00e9sentant une r\u00e9sistance sup\u00e9rieure aux taches, une meilleure tenue de la torsion et une plus grande durabilit\u00e9 des couleurs.<\/li><li><strong>Des prix comp\u00e9titifs, des \u00e9conomies prouv\u00e9es<\/strong><br>Notre efficacit\u00e9 \u00e9nerg\u00e9tique nous permet de proposer des prix de 20 \u00e0 30 % inf\u00e9rieurs \u00e0 ceux du march\u00e9, ce qui vous aide \u00e0 r\u00e9duire vos co\u00fbts sans sacrifier la qualit\u00e9.<\/li><li><strong>Des solutions personnalis\u00e9es adapt\u00e9es \u00e0 vos besoins<\/strong><br>Nous r\u00e9pondons \u00e0 vos sp\u00e9cifications exactes en mati\u00e8re de couleur, de texture, de torsion et de performance, afin que chaque commande r\u00e9ponde \u00e0 vos besoins uniques.<\/li><li><strong>Port\u00e9e mondiale, approvisionnement fiable<\/strong><br>Avec une capacit\u00e9 mensuelle de 600 tonnes et une flotte logistique interne, nous garantissons des livraisons stables et ponctuelles \u00e0 nos clients dans le monde entier.<\/li><\/ul>\t\t\t\t\t\t\t\t<\/div>\n\t\t\t\t<\/div>\n\t\t\t\t<div class=\"elementor-element elementor-element-2e196e7 elementor-widget elementor-widget-heading\" data-id=\"2e196e7\" data-element_type=\"widget\" data-widget_type=\"heading.default\">\n\t\t\t\t<div class=\"elementor-widget-container\">\n\t\t\t\t\t<h2 class=\"elementor-heading-title elementor-size-default\">Nos produits<\/h2>\t\t\t\t<\/div>\n\t\t\t\t<\/div>\n\t\t\t\t<div class=\"elementor-element elementor-element-50b429b elementor-widget elementor-widget-text-editor\" data-id=\"50b429b\" data-element_type=\"widget\" data-widget_type=\"text-editor.default\">\n\t\t\t\t<div class=\"elementor-widget-container\">\n\t\t\t\t\t\t\t\t\t<p>Nous sommes sp\u00e9cialis\u00e9s dans quatre types de fils principaux, optimis\u00e9s pour la fabrication de tapis et de moquettes :<\/p><ul><li><strong>Fils BCF<\/strong>: Fils de filaments continus en vrac, d&rsquo;une r\u00e9silience et d&rsquo;une durabilit\u00e9 exceptionnelles.<\/li><li><strong>Fils trait\u00e9s \u00e0 la chaleur<\/strong>: Fils \u00e0 forte torsion, trait\u00e9s \u00e0 la chaleur pour une texture et une r\u00e9tention de la torsion sup\u00e9rieures.<\/li><li><strong>Fils tricolores<\/strong>: Les fils multicolores sont id\u00e9aux pour les moquettes dynamiques et vibrantes.<\/li><li><strong>Fils Frieze<\/strong>: Fils doux et boucl\u00e9s, parfaits pour les tapis luxueux et textur\u00e9s.<\/li><\/ul>\t\t\t\t\t\t\t\t<\/div>\n\t\t\t\t<\/div>\n\t\t\t\t<div class=\"elementor-element elementor-element-a15ab15 elementor-widget elementor-widget-heading\" data-id=\"a15ab15\" data-element_type=\"widget\" data-widget_type=\"heading.default\">\n\t\t\t\t<div class=\"elementor-widget-container\">\n\t\t\t\t\t<h2 class=\"elementor-heading-title elementor-size-default\">Sp\u00e9cifications des fils personnalisables<\/h2>\t\t\t\t<\/div>\n\t\t\t\t<\/div>\n\t\t\t\t<div class=\"elementor-element elementor-element-74bd695 elementor-widget elementor-widget-text-editor\" data-id=\"74bd695\" data-element_type=\"widget\" data-widget_type=\"text-editor.default\">\n\t\t\t\t<div class=\"elementor-widget-container\">\n\t\t\t\t\t\t\t\t\t<p>Nous proposons des solutions de fil enti\u00e8rement personnalisables pour r\u00e9pondre \u00e0 vos besoins exacts :<\/p><ul><li><strong>Dtex<\/strong>: 800 \u00e0 10 000<\/li><li><strong>Filaments<\/strong>: 120 \u00e0 420<\/li><li><strong>Forme du spinneret<\/strong>: Trilobale, Delta ou personnalis\u00e9e<\/li><li><strong>Options de torsion<\/strong>: 40 TPM \u00e0 700 TPM (S, Z, simple, c\u00e2blage)<\/li><\/ul>\t\t\t\t\t\t\t\t<\/div>\n\t\t\t\t<\/div>\n\t\t\t\t<div class=\"elementor-element elementor-element-7f0c0b8 elementor-widget elementor-widget-heading\" data-id=\"7f0c0b8\" data-element_type=\"widget\" data-widget_type=\"heading.default\">\n\t\t\t\t<div class=\"elementor-widget-container\">\n\t\t\t\t\t<h2 class=\"elementor-heading-title elementor-size-default\">Notre engagement en faveur de la qualit\u00e9<\/h2>\t\t\t\t<\/div>\n\t\t\t\t<\/div>\n\t\t\t\t<div class=\"elementor-element elementor-element-7da40a0 elementor-widget elementor-widget-image\" data-id=\"7da40a0\" data-element_type=\"widget\" data-widget_type=\"image.default\">\n\t\t\t\t<div class=\"elementor-widget-container\">\n\t\t\t\t\t\t\t\t\t\t\t\t\t\t\t<img loading=\"lazy\" decoding=\"async\" width=\"800\" height=\"600\" src=\"https:\/\/golden-yarn.com\/wp-content\/uploads\/2025\/01\/Yarn-Quality-Control-1024x768.webp\" class=\"attachment-large size-large wp-image-2408\" alt=\"\" srcset=\"https:\/\/golden-yarn.com\/wp-content\/uploads\/2025\/01\/Yarn-Quality-Control-1024x768.webp 1024w, https:\/\/golden-yarn.com\/wp-content\/uploads\/2025\/01\/Yarn-Quality-Control-300x225.webp 300w, https:\/\/golden-yarn.com\/wp-content\/uploads\/2025\/01\/Yarn-Quality-Control-768x576.webp 768w, https:\/\/golden-yarn.com\/wp-content\/uploads\/2025\/01\/Yarn-Quality-Control-1536x1152.webp 1536w, https:\/\/golden-yarn.com\/wp-content\/uploads\/2025\/01\/Yarn-Quality-Control-2048x1536.webp 2048w\" sizes=\"(max-width: 800px) 100vw, 800px\">\t\t\t\t\t\t\t\t\t\t\t\t\t\t\t<\/div>\n\t\t\t\t<\/div>\n\t\t\t\t<div class=\"elementor-element elementor-element-f3b4cb0 elementor-widget elementor-widget-text-editor\" data-id=\"f3b4cb0\" data-element_type=\"widget\" data-widget_type=\"text-editor.default\">\n\t\t\t\t<div class=\"elementor-widget-container\">\n\t\t\t\t\t\t\t\t\t<p>Chaque produit fait l&rsquo;objet d&rsquo;un contr\u00f4le de qualit\u00e9 approfondi, garantissant la conformit\u00e9 aux normes industrielles et \u00e0 vos besoins sp\u00e9cifiques. Notre laboratoire interne teste l&rsquo;\u00e9longation, la t\u00e9nacit\u00e9, l&rsquo;ondulation et bien d&rsquo;autres choses encore pour garantir une performance sans faille. <\/p>\t\t\t\t\t\t\t\t<\/div>\n\t\t\t\t<\/div>\n\t\t\t\t<\/div>\n\t\t\t\t\t<\/div>\n\t\t\t\t<\/div>\n\t\t\t\t<\/div>\n\t\t","protected":false},"excerpt":{"rendered":"<p>Home A propos de nous Qui sommes-nous ? Notre soci\u00e9t\u00e9 est l&rsquo;un des principaux fabricants de fils de polypropyl\u00e8ne, exclusivement destin\u00e9s \u00e0 l&rsquo;industrie du tapis et de la moquette. Avec un site de production de 25 000 m\u00e8tres carr\u00e9s et des \u00e9quipements haut de gamme de Mennan Makina, Saurer Volkmann et Superba, nous offrons une [&hellip;]<\/p>\n","protected":false},"author":1,"featured_media":0,"parent":0,"menu_order":0,"comment_status":"closed","ping_status":"closed","template":"","meta":{"footnotes":""},"class_list":["post-3259","page","type-page","status-publish","hentry"],"_links":{"self":[{"href":"https:\/\/golden-yarn.com\/fr\/wp-json\/wp\/v2\/pages\/3259","targetHints":{"allow":["GET"]}}],"collection":[{"href":"https:\/\/golden-yarn.com\/fr\/wp-json\/wp\/v2\/pages"}],"about":[{"href":"https:\/\/golden-yarn.com\/fr\/wp-json\/wp\/v2\/types\/page"}],"author":[{"embeddable":true,"href":"https:\/\/golden-yarn.com\/fr\/wp-json\/wp\/v2\/users\/1"}],"replies":[{"embeddable":true,"href":"https:\/\/golden-yarn.com\/fr\/wp-json\/wp\/v2\/comments?post=3259"}],"version-history":[{"count":5,"href":"https:\/\/golden-yarn.com\/fr\/wp-json\/wp\/v2\/pages\/3259\/revisions"}],"predecessor-version":[{"id":4192,"href":"https:\/\/golden-yarn.com\/fr\/wp-json\/wp\/v2\/pages\/3259\/revisions\/4192"}],"wp:attachment":[{"href":"https:\/\/golden-yarn.com\/fr\/wp-json\/wp\/v2\/media?parent=3259"}],"curies":[{"name":"wp","href":"https:\/\/api.w.org\/{rel}","templated":true}]}}