{"id":3545,"date":"2024-12-24T16:48:42","date_gmt":"2024-12-24T11:48:42","guid":{"rendered":"https:\/\/golden-yarn.com\/conditions-generales-dutilisation\/"},"modified":"2025-01-11T21:56:54","modified_gmt":"2025-01-11T16:56:54","slug":"conditions-generales-dutilisation","status":"publish","type":"page","link":"https:\/\/golden-yarn.com\/fr\/conditions-generales-dutilisation\/","title":{"rendered":"Conditions g\u00e9n\u00e9rales d&rsquo;utilisation"},"content":{"rendered":"\t\t<div data-elementor-type=\"wp-page\" data-elementor-id=\"3545\" class=\"elementor elementor-3545 elementor-25\" data-elementor-post-type=\"page\">\n\t\t\t\t<div class=\"elementor-element elementor-element-52f94fa e-flex e-con-boxed e-con e-parent\" data-id=\"52f94fa\" data-element_type=\"container\">\n\t\t\t\t\t<div class=\"e-con-inner\">\n\t\t\t\t<div class=\"elementor-element elementor-element-15e407e elementor-widget elementor-widget-text-editor\" data-id=\"15e407e\" data-element_type=\"widget\" data-widget_type=\"text-editor.default\">\n\t\t\t\t<div class=\"elementor-widget-container\">\n\t\t\t\t\t\t\t\t\t<p data-sourcepos=\"54:1-54:26\"><strong>Conditions g\u00e9n\u00e9rales d&rsquo;utilisation<\/strong><\/p>\n<p data-sourcepos=\"56:1-56:33\"><strong>Date d&rsquo;entr\u00e9e en vigueur :<\/strong> 02.01.2025<\/p>\n<p data-sourcepos=\"58:1-58:147\">Les pr\u00e9sentes conditions g\u00e9n\u00e9rales r\u00e9gissent votre utilisation du site Internet Golden Yarn \u00ab\u00a0Golden-Yarn.com\u00a0\u00bb. En utilisant le site, vous acceptez ces conditions g\u00e9n\u00e9rales. <\/p>\n<p data-sourcepos=\"60:1-60:22\"><strong>1. Utilisation du site<\/strong><\/p>\n<p data-sourcepos=\"62:1-62:172\">Vous acceptez de n&rsquo; utiliser le site qu&rsquo; \u00e0 des fins l\u00e9gales et conform\u00e9ment aux pr\u00e9sentes conditions g\u00e9n\u00e9rales. Vous \u00eates responsable de toutes les activit\u00e9s qui se d\u00e9roulent sous votre compte. <\/p>\n<p data-sourcepos=\"64:1-64:28\"><strong>2. Propri\u00e9t\u00e9 intellectuelle<\/strong><\/p>\n<p data-sourcepos=\"66:1-66:234\">Le contenu du site, <span class=\"citation-10 citation-end-10\">y compris, mais sans s&rsquo;y limiter, les textes, les images et les logos, est prot\u00e9g\u00e9 par des droits d&rsquo;auteur et d&rsquo; autres lois sur la propri\u00e9t\u00e9 intellectuelle. Vous ne pouvez pas utiliser <\/span> le contenu du site sans notre accord \u00e9crit pr\u00e9alable.<span class=\"button-container hide-from-message-actions ng-star-inserted\">   <\/span><\/p>\n<p data-sourcepos=\"76:1-76:27\"><strong>3. <span class=\"citation-15\"> Droitapplicable<\/span><\/strong><\/p>\n<p data-sourcepos=\"78:1-78:123\"><span class=\"citation-15 citation-end-15\">Les pr\u00e9sentes conditions g\u00e9n\u00e9rales sont r\u00e9gies et interpr\u00e9t\u00e9es conform\u00e9ment aux lois du Turkm\u00e9nistan. Les pr\u00e9sentes conditions sont r\u00e9gies et interpr\u00e9t\u00e9es conform\u00e9ment aux lois du Turkm\u00e9nistan.<\/span><span class=\"button-container hide-from-message-actions ng-star-inserted\">   <\/span><\/p>\n<p data-sourcepos=\"80:1-80:46\"><strong>4. Modifications des pr\u00e9sentes conditions g\u00e9n\u00e9rales<\/strong><\/p>\n<p data-sourcepos=\"82:1-82:161\"><span class=\"citation-16 citation-end-16\">Nous pouvons mettre \u00e0 jour les pr\u00e9sentes conditions g\u00e9n\u00e9rales de temps \u00e0 autre. Nous vous informerons de toute modification importante en affichant les conditions mises \u00e0 jour . <\/span> sur le site.<span class=\"button-container hide-from-message-actions ng-star-inserted\">  <\/span><\/p>\n<p data-sourcepos=\"82:1-82:161\"><strong>5. Nous contacter<\/strong><\/p>\n<p data-sourcepos=\"86:1-86:104\">Si vous avez des questions concernant les pr\u00e9sentes conditions g\u00e9n\u00e9rales, veuillez nous contacter \u00e0 l&rsquo;adresse suivante: info@golden-yarn.com.<\/p>\n\t\t\t\t\t\t\t\t<\/div>\n\t\t\t\t<\/div>\n\t\t\t\t\t<\/div>\n\t\t\t\t<\/div>\n\t\t\t\t<\/div>\n\t\t","protected":false},"excerpt":{"rendered":"<p>Conditions g\u00e9n\u00e9rales d&rsquo;utilisation Date d&rsquo;entr\u00e9e en vigueur : 02.01.2025 Les pr\u00e9sentes conditions g\u00e9n\u00e9rales r\u00e9gissent votre utilisation du site Internet Golden Yarn \u00ab\u00a0Golden-Yarn.com\u00a0\u00bb. En utilisant le site, vous acceptez ces conditions g\u00e9n\u00e9rales. 1. Utilisation du site Vous acceptez de n&rsquo; utiliser le site qu&rsquo; \u00e0 des fins l\u00e9gales et conform\u00e9ment aux pr\u00e9sentes conditions g\u00e9n\u00e9rales. Vous \u00eates [&hellip;]<\/p>\n","protected":false},"author":1,"featured_media":0,"parent":0,"menu_order":0,"comment_status":"closed","ping_status":"closed","template":"","meta":{"footnotes":""},"class_list":["post-3545","page","type-page","status-publish","hentry"],"_links":{"self":[{"href":"https:\/\/golden-yarn.com\/fr\/wp-json\/wp\/v2\/pages\/3545","targetHints":{"allow":["GET"]}}],"collection":[{"href":"https:\/\/golden-yarn.com\/fr\/wp-json\/wp\/v2\/pages"}],"about":[{"href":"https:\/\/golden-yarn.com\/fr\/wp-json\/wp\/v2\/types\/page"}],"author":[{"embeddable":true,"href":"https:\/\/golden-yarn.com\/fr\/wp-json\/wp\/v2\/users\/1"}],"replies":[{"embeddable":true,"href":"https:\/\/golden-yarn.com\/fr\/wp-json\/wp\/v2\/comments?post=3545"}],"version-history":[{"count":1,"href":"https:\/\/golden-yarn.com\/fr\/wp-json\/wp\/v2\/pages\/3545\/revisions"}],"predecessor-version":[{"id":3546,"href":"https:\/\/golden-yarn.com\/fr\/wp-json\/wp\/v2\/pages\/3545\/revisions\/3546"}],"wp:attachment":[{"href":"https:\/\/golden-yarn.com\/fr\/wp-json\/wp\/v2\/media?parent=3545"}],"curies":[{"name":"wp","href":"https:\/\/api.w.org\/{rel}","templated":true}]}}