{"id":3245,"date":"2024-12-26T19:33:50","date_gmt":"2024-12-26T14:33:50","guid":{"rendered":"https:\/\/golden-yarn.com\/hakkimizda\/"},"modified":"2026-01-28T14:16:05","modified_gmt":"2026-01-28T09:16:05","slug":"hakkimizda","status":"publish","type":"page","link":"https:\/\/golden-yarn.com\/tr\/hakkimizda\/","title":{"rendered":"Hakk\u0131m\u0131zda"},"content":{"rendered":"\t\t<div data-elementor-type=\"wp-page\" data-elementor-id=\"3245\" class=\"elementor elementor-3245 elementor-425\" data-elementor-post-type=\"page\">\n\t\t\t\t<div class=\"elementor-element elementor-element-245dc0a e-flex e-con-boxed e-con e-parent\" data-id=\"245dc0a\" data-element_type=\"container\">\n\t\t\t\t\t<div class=\"e-con-inner\">\n\t\t\t\t<div class=\"elementor-element elementor-element-bfbf258 elementor-widget elementor-widget-breadcrumbs\" data-id=\"bfbf258\" data-element_type=\"widget\" data-widget_type=\"breadcrumbs.default\">\n\t\t\t\t<div class=\"elementor-widget-container\">\n\t\t\t\t\t<nav aria-label=\"breadcrumbs\" class=\"rank-math-breadcrumb\"><p><span class=\"last\">Ana Sayfa<\/span><\/p><\/nav>\t\t\t\t<\/div>\n\t\t\t\t<\/div>\n\t\t<div class=\"elementor-element elementor-element-b9a7453 e-con-full e-flex e-con e-child\" data-id=\"b9a7453\" data-element_type=\"container\">\n\t\t\t\t<div class=\"elementor-element elementor-element-029f624 elementor-widget elementor-widget-heading\" data-id=\"029f624\" data-element_type=\"widget\" data-widget_type=\"heading.default\">\n\t\t\t\t<div class=\"elementor-widget-container\">\n\t\t\t\t\t<h1 class=\"elementor-heading-title elementor-size-default\">Hakk\u0131m\u0131zda<\/h1>\t\t\t\t<\/div>\n\t\t\t\t<\/div>\n\t\t\t\t<div class=\"elementor-element elementor-element-bcf5ac8 elementor-widget elementor-widget-heading\" data-id=\"bcf5ac8\" data-element_type=\"widget\" data-widget_type=\"heading.default\">\n\t\t\t\t<div class=\"elementor-widget-container\">\n\t\t\t\t\t<h2 class=\"elementor-heading-title elementor-size-default\">Biz Kimiz<\/h2>\t\t\t\t<\/div>\n\t\t\t\t<\/div>\n\t\t\t\t<div class=\"elementor-element elementor-element-29a0a72 elementor-widget elementor-widget-text-editor\" data-id=\"29a0a72\" data-element_type=\"widget\" data-widget_type=\"text-editor.default\">\n\t\t\t\t<div class=\"elementor-widget-container\">\n\t\t\t\t\t\t\t\t\t<p>\u015eirketimiz, sadece hal\u0131 ve kilim end\u00fcstrisine hizmet veren lider bir polipropilen iplik \u00fcreticisidir. 25.000 metrekarelik \u00fcretim tesisi ve Mennan Makina, Saurer Volkmann ve Superba&#8217;n\u0131n en \u00fcst d\u00fczey ekipmanlar\u0131 ile benzersiz kalite ve \u00f6zelle\u015ftirme sunuyoruz. Tecr\u00fcbeli uzmanlar\u0131m\u0131z, 20 y\u0131l\u0131 a\u015fk\u0131n deneyimle, tutarl\u0131l\u0131k ve m\u00fckemmelli\u011fi sa\u011flamak i\u00e7in \u00fcretimin her y\u00f6n\u00fcn\u00fc denetlemektedir.  <\/p>\t\t\t\t\t\t\t\t<\/div>\n\t\t\t\t<\/div>\n\t\t\t\t<div class=\"elementor-element elementor-element-e2c650a elementor-widget elementor-widget-heading\" data-id=\"e2c650a\" data-element_type=\"widget\" data-widget_type=\"heading.default\">\n\t\t\t\t<div class=\"elementor-widget-container\">\n\t\t\t\t\t<h2 class=\"elementor-heading-title elementor-size-default\">Bizim ekibimiz<\/h2>\t\t\t\t<\/div>\n\t\t\t\t<\/div>\n\t\t<div class=\"elementor-element elementor-element-4790f24 e-con-full e-flex e-con e-child\" data-id=\"4790f24\" data-element_type=\"container\">\n\t\t<div class=\"elementor-element elementor-element-da888e5 e-con-full e-flex e-con e-child\" data-id=\"da888e5\" data-element_type=\"container\">\n\t\t\t\t<div class=\"elementor-element elementor-element-c783780 elementor-widget elementor-widget-image\" data-id=\"c783780\" data-element_type=\"widget\" data-widget_type=\"image.default\">\n\t\t\t\t<div class=\"elementor-widget-container\">\n\t\t\t\t\t\t\t\t\t\t\t\t\t\t\t<img fetchpriority=\"high\" decoding=\"async\" width=\"800\" height=\"800\" src=\"https:\/\/golden-yarn.com\/wp-content\/uploads\/2026\/01\/Begmyrat.webp\" class=\"attachment-large size-large wp-image-4185\" alt=\"\" srcset=\"https:\/\/golden-yarn.com\/wp-content\/uploads\/2026\/01\/Begmyrat.webp 1024w, https:\/\/golden-yarn.com\/wp-content\/uploads\/2026\/01\/Begmyrat-300x300.webp 300w, https:\/\/golden-yarn.com\/wp-content\/uploads\/2026\/01\/Begmyrat-150x150.webp 150w, https:\/\/golden-yarn.com\/wp-content\/uploads\/2026\/01\/Begmyrat-768x768.webp 768w\" sizes=\"(max-width: 800px) 100vw, 800px\">\t\t\t\t\t\t\t\t\t\t\t\t\t\t\t<\/div>\n\t\t\t\t<\/div>\n\t\t\t\t<div class=\"elementor-element elementor-element-14be9bf elementor-widget elementor-widget-heading\" data-id=\"14be9bf\" data-element_type=\"widget\" data-widget_type=\"heading.default\">\n\t\t\t\t<div class=\"elementor-widget-container\">\n\t\t\t\t\t<div class=\"elementor-heading-title elementor-size-default\">\"Rekabet\u00e7i Fiyatland\u0131rma, Kalite Kontrol ve K\u00fcresel Tedarikin Sa\u011flanmas\u0131.\"<\/div>\t\t\t\t<\/div>\n\t\t\t\t<\/div>\n\t\t\t\t<div class=\"elementor-element elementor-element-b8aadf8 elementor-widget elementor-widget-heading\" data-id=\"b8aadf8\" data-element_type=\"widget\" data-widget_type=\"heading.default\">\n\t\t\t\t<div class=\"elementor-widget-container\">\n\t\t\t\t\t<div class=\"elementor-heading-title elementor-size-default\">Begmyrat Meredov<\/div>\t\t\t\t<\/div>\n\t\t\t\t<\/div>\n\t\t\t\t<div class=\"elementor-element elementor-element-3926796 elementor-widget elementor-widget-heading\" data-id=\"3926796\" data-element_type=\"widget\" data-widget_type=\"heading.default\">\n\t\t\t\t<div class=\"elementor-widget-container\">\n\t\t\t\t\t<div class=\"elementor-heading-title elementor-size-default\">Genel M\u00fcd\u00fcr<\/div>\t\t\t\t<\/div>\n\t\t\t\t<\/div>\n\t\t\t\t<\/div>\n\t\t<div class=\"elementor-element elementor-element-99d237c e-con-full e-flex e-con e-child\" data-id=\"99d237c\" data-element_type=\"container\">\n\t\t\t\t<div class=\"elementor-element elementor-element-cc38244 elementor-widget elementor-widget-image\" data-id=\"cc38244\" data-element_type=\"widget\" data-widget_type=\"image.default\">\n\t\t\t\t<div class=\"elementor-widget-container\">\n\t\t\t\t\t\t\t\t\t\t\t\t\t\t\t<img decoding=\"async\" width=\"800\" height=\"778\" src=\"https:\/\/golden-yarn.com\/wp-content\/uploads\/2025\/01\/Mehmet-Kaya.-Product-Technical-Manager.webp\" class=\"attachment-large size-large wp-image-2380\" alt=\"\" srcset=\"https:\/\/golden-yarn.com\/wp-content\/uploads\/2025\/01\/Mehmet-Kaya.-Product-Technical-Manager.webp 1000w, https:\/\/golden-yarn.com\/wp-content\/uploads\/2025\/01\/Mehmet-Kaya.-Product-Technical-Manager-300x292.webp 300w, https:\/\/golden-yarn.com\/wp-content\/uploads\/2025\/01\/Mehmet-Kaya.-Product-Technical-Manager-768x747.webp 768w\" sizes=\"(max-width: 800px) 100vw, 800px\">\t\t\t\t\t\t\t\t\t\t\t\t\t\t\t<\/div>\n\t\t\t\t<\/div>\n\t\t\t\t<div class=\"elementor-element elementor-element-02b05ca elementor-widget elementor-widget-heading\" data-id=\"02b05ca\" data-element_type=\"widget\" data-widget_type=\"heading.default\">\n\t\t\t\t<div class=\"elementor-widget-container\">\n\t\t\t\t\t<div class=\"elementor-heading-title elementor-size-default\">\"\u0130leri Avrupa Teknolojisi ile \u00d6zel \u0130plik \u00c7\u00f6z\u00fcmlerinde Uzmanla\u015fmak.\"<\/div>\t\t\t\t<\/div>\n\t\t\t\t<\/div>\n\t\t\t\t<div class=\"elementor-element elementor-element-94a8b2b elementor-widget elementor-widget-heading\" data-id=\"94a8b2b\" data-element_type=\"widget\" data-widget_type=\"heading.default\">\n\t\t\t\t<div class=\"elementor-widget-container\">\n\t\t\t\t\t<div class=\"elementor-heading-title elementor-size-default\">Mehmet Kaya<\/div>\t\t\t\t<\/div>\n\t\t\t\t<\/div>\n\t\t\t\t<div class=\"elementor-element elementor-element-2932b77 elementor-widget elementor-widget-heading\" data-id=\"2932b77\" data-element_type=\"widget\" data-widget_type=\"heading.default\">\n\t\t\t\t<div class=\"elementor-widget-container\">\n\t\t\t\t\t<div class=\"elementor-heading-title elementor-size-default\">Teknik \u00dcr\u00fcn M\u00fcd\u00fcr\u00fc<\/div>\t\t\t\t<\/div>\n\t\t\t\t<\/div>\n\t\t\t\t<\/div>\n\t\t<div class=\"elementor-element elementor-element-3c4471e e-con-full e-flex e-con e-child\" data-id=\"3c4471e\" data-element_type=\"container\">\n\t\t\t\t<div class=\"elementor-element elementor-element-e934f32 elementor-widget elementor-widget-image\" data-id=\"e934f32\" data-element_type=\"widget\" data-widget_type=\"image.default\">\n\t\t\t\t<div class=\"elementor-widget-container\">\n\t\t\t\t\t\t\t\t\t\t\t\t\t\t\t<img decoding=\"async\" width=\"800\" height=\"778\" src=\"https:\/\/golden-yarn.com\/wp-content\/uploads\/2025\/01\/Mehmet-Kyrach.-Production-Supervisor.webp\" class=\"attachment-large size-large wp-image-2388\" alt=\"\" srcset=\"https:\/\/golden-yarn.com\/wp-content\/uploads\/2025\/01\/Mehmet-Kyrach.-Production-Supervisor.webp 1000w, https:\/\/golden-yarn.com\/wp-content\/uploads\/2025\/01\/Mehmet-Kyrach.-Production-Supervisor-300x292.webp 300w, https:\/\/golden-yarn.com\/wp-content\/uploads\/2025\/01\/Mehmet-Kyrach.-Production-Supervisor-768x747.webp 768w\" sizes=\"(max-width: 800px) 100vw, 800px\">\t\t\t\t\t\t\t\t\t\t\t\t\t\t\t<\/div>\n\t\t\t\t<\/div>\n\t\t\t\t<div class=\"elementor-element elementor-element-18cd999 elementor-widget elementor-widget-heading\" data-id=\"18cd999\" data-element_type=\"widget\" data-widget_type=\"heading.default\">\n\t\t\t\t<div class=\"elementor-widget-container\">\n\t\t\t\t\t<div class=\"elementor-heading-title elementor-size-default\">\"Tutarl\u0131 Hassasiyetle Dayan\u0131kl\u0131, Leke Tutmaz \u0130plikler Sa\u011flamak.\"<\/div>\t\t\t\t<\/div>\n\t\t\t\t<\/div>\n\t\t\t\t<div class=\"elementor-element elementor-element-0737ffe elementor-widget elementor-widget-heading\" data-id=\"0737ffe\" data-element_type=\"widget\" data-widget_type=\"heading.default\">\n\t\t\t\t<div class=\"elementor-widget-container\">\n\t\t\t\t\t<div class=\"elementor-heading-title elementor-size-default\">Mehmet K\u0131ra\u00e7<\/div>\t\t\t\t<\/div>\n\t\t\t\t<\/div>\n\t\t\t\t<div class=\"elementor-element elementor-element-5f82688 elementor-widget elementor-widget-heading\" data-id=\"5f82688\" data-element_type=\"widget\" data-widget_type=\"heading.default\">\n\t\t\t\t<div class=\"elementor-widget-container\">\n\t\t\t\t\t<div class=\"elementor-heading-title elementor-size-default\">\u00dcretim \u015eefi<\/div>\t\t\t\t<\/div>\n\t\t\t\t<\/div>\n\t\t\t\t<\/div>\n\t\t\t\t<\/div>\n\t\t\t\t<div class=\"elementor-element elementor-element-f4b9a5e elementor-widget elementor-widget-heading\" data-id=\"f4b9a5e\" data-element_type=\"widget\" data-widget_type=\"heading.default\">\n\t\t\t\t<div class=\"elementor-widget-container\">\n\t\t\t\t\t<h2 class=\"elementor-heading-title elementor-size-default\">Misyonumuz<\/h2>\t\t\t\t<\/div>\n\t\t\t\t<\/div>\n\t\t\t\t<div class=\"elementor-element elementor-element-f055f5d elementor-widget elementor-widget-image\" data-id=\"f055f5d\" data-element_type=\"widget\" data-widget_type=\"image.default\">\n\t\t\t\t<div class=\"elementor-widget-container\">\n\t\t\t\t\t\t\t\t\t\t\t\t\t\t\t<img loading=\"lazy\" decoding=\"async\" width=\"800\" height=\"450\" src=\"https:\/\/golden-yarn.com\/wp-content\/uploads\/2025\/01\/Golden-Yarn-Company.-Yarn-twisting-knot-1024x576.webp\" class=\"attachment-large size-large wp-image-2404\" alt=\"\" srcset=\"https:\/\/golden-yarn.com\/wp-content\/uploads\/2025\/01\/Golden-Yarn-Company.-Yarn-twisting-knot-1024x576.webp 1024w, https:\/\/golden-yarn.com\/wp-content\/uploads\/2025\/01\/Golden-Yarn-Company.-Yarn-twisting-knot-300x169.webp 300w, https:\/\/golden-yarn.com\/wp-content\/uploads\/2025\/01\/Golden-Yarn-Company.-Yarn-twisting-knot-768x432.webp 768w, https:\/\/golden-yarn.com\/wp-content\/uploads\/2025\/01\/Golden-Yarn-Company.-Yarn-twisting-knot-1536x864.webp 1536w, https:\/\/golden-yarn.com\/wp-content\/uploads\/2025\/01\/Golden-Yarn-Company.-Yarn-twisting-knot.webp 1920w\" sizes=\"(max-width: 800px) 100vw, 800px\">\t\t\t\t\t\t\t\t\t\t\t\t\t\t\t<\/div>\n\t\t\t\t<\/div>\n\t\t\t\t<div class=\"elementor-element elementor-element-16c9e99 elementor-widget elementor-widget-text-editor\" data-id=\"16c9e99\" data-element_type=\"widget\" data-widget_type=\"text-editor.default\">\n\t\t\t\t<div class=\"elementor-widget-container\">\n\t\t\t\t\t\t\t\t\t<p>Hal\u0131 \u00fcreticilerine en g\u00fcvenilir, dayan\u0131kl\u0131 ve yenilik\u00e7i polipropilen iplikleri sunarak, geli\u015fen pazar taleplerini kar\u015f\u0131layan \u00fcst\u00fcn \u00fcr\u00fcnler yaratmalar\u0131n\u0131 sa\u011flamak.<\/p>\t\t\t\t\t\t\t\t<\/div>\n\t\t\t\t<\/div>\n\t\t\t\t<div class=\"elementor-element elementor-element-63ed689 elementor-widget elementor-widget-heading\" data-id=\"63ed689\" data-element_type=\"widget\" data-widget_type=\"heading.default\">\n\t\t\t\t<div class=\"elementor-widget-container\">\n\t\t\t\t\t<h2 class=\"elementor-heading-title elementor-size-default\">Neden Bizi Se\u00e7melisiniz<\/h2>\t\t\t\t<\/div>\n\t\t\t\t<\/div>\n\t\t\t\t<div class=\"elementor-element elementor-element-7776d2f elementor-widget elementor-widget-text-editor\" data-id=\"7776d2f\" data-element_type=\"widget\" data-widget_type=\"text-editor.default\">\n\t\t\t\t<div class=\"elementor-widget-container\">\n\t\t\t\t\t\t\t\t\t<ul><li><strong>Risksiz garanti<\/strong>:<br>\u0130pli\u011fimizi kullanarak hal\u0131lar\u0131n\u0131z beklentilerinizi kar\u015f\u0131lamazsa, ilk partinizi geri \u00f6deyece\u011fiz.<\/li><li><strong>E\u015fsiz Kalite ve Yenilik<\/strong><br>\u00dcst\u00fcn leke direnci, b\u00fck\u00fcm tutma \u00f6zelli\u011fi ve renk dayan\u0131kl\u0131l\u0131\u011f\u0131na sahip iplikler \u00fcretmek i\u00e7in geli\u015fmi\u015f makineler ve uzman teknikler kullan\u0131yoruz.<\/li><li>Rekabet\u00e7i Fiyatlar, Kan\u0131tlanm\u0131\u015f Tasarruf<br>Enerji verimli operasyonlar\u0131m\u0131z sayesinde piyasa fiyatlar\u0131n\u0131n %20-30 alt\u0131nda fiyatlar sunabiliyoruz ve kaliteden \u00f6d\u00fcn vermeden maliyetlerinizi d\u00fc\u015f\u00fcrmenize yard\u0131mc\u0131 oluyoruz.<\/li><li><strong>\u0130htiya\u00e7lar\u0131n\u0131za Uygun \u00d6zel \u00c7\u00f6z\u00fcmler<\/strong><br>Renk, doku, b\u00fck\u00fcm ve performans i\u00e7in tam spesifikasyonlar\u0131n\u0131z\u0131 e\u015fle\u015ftirerek her sipari\u015fin benzersiz gereksinimlerinizi kar\u015f\u0131lamas\u0131n\u0131 sa\u011fl\u0131yoruz.<\/li><li><strong>K\u00fcresel Eri\u015fim, G\u00fcvenilir Tedarik<\/strong><br>Ayl\u0131k 600 tonluk kapasitemiz ve \u015firket i\u00e7i lojistik filomuzla, d\u00fcnya \u00e7ap\u0131ndaki m\u00fc\u015fterilerimize istikrarl\u0131 ve zaman\u0131nda teslimat garantisi veriyoruz.<\/li><\/ul>\t\t\t\t\t\t\t\t<\/div>\n\t\t\t\t<\/div>\n\t\t\t\t<div class=\"elementor-element elementor-element-2e196e7 elementor-widget elementor-widget-heading\" data-id=\"2e196e7\" data-element_type=\"widget\" data-widget_type=\"heading.default\">\n\t\t\t\t<div class=\"elementor-widget-container\">\n\t\t\t\t\t<h2 class=\"elementor-heading-title elementor-size-default\">\u00dcr\u00fcnlerimiz<\/h2>\t\t\t\t<\/div>\n\t\t\t\t<\/div>\n\t\t\t\t<div class=\"elementor-element elementor-element-50b429b elementor-widget elementor-widget-text-editor\" data-id=\"50b429b\" data-element_type=\"widget\" data-widget_type=\"text-editor.default\">\n\t\t\t\t<div class=\"elementor-widget-container\">\n\t\t\t\t\t\t\t\t\t<p>Hal\u0131 ve kilim \u00fcretimi i\u00e7in optimize edilmi\u015f d\u00f6rt temel iplik t\u00fcr\u00fcnde uzman\u0131z:<\/p><ul><li><strong>BCF \u0130plikler<\/strong>: Ola\u011fan\u00fcst\u00fc esneklik ve dayan\u0131kl\u0131l\u0131\u011fa sahip d\u00f6kme kontin\u00fc filament iplikler.<\/li><li><strong>Is\u0131 Seti \u0130plikler<\/strong>: \u00dcst\u00fcn doku ve b\u00fck\u00fcm tutma i\u00e7in y\u00fcksek b\u00fck\u00fcml\u00fc, \u0131s\u0131l i\u015flem g\u00f6rm\u00fc\u015f iplikler.<\/li><li><strong>\u00dc\u00e7 Renkli \u0130plikler<\/strong>: Canl\u0131, dinamik hal\u0131 tasar\u0131mlar\u0131 i\u00e7in ideal \u00e7ok renkli iplikler.<\/li><li><strong>Frieze \u0130plikler<\/strong>: L\u00fcks, dokulu hal\u0131lar i\u00e7in m\u00fckemmel yumu\u015fak, k\u0131v\u0131rc\u0131k iplikler.<\/li><\/ul>\t\t\t\t\t\t\t\t<\/div>\n\t\t\t\t<\/div>\n\t\t\t\t<div class=\"elementor-element elementor-element-a15ab15 elementor-widget elementor-widget-heading\" data-id=\"a15ab15\" data-element_type=\"widget\" data-widget_type=\"heading.default\">\n\t\t\t\t<div class=\"elementor-widget-container\">\n\t\t\t\t\t<h2 class=\"elementor-heading-title elementor-size-default\">\u00d6zelle\u015ftirilebilir \u0130plik \u00d6zellikleri<\/h2>\t\t\t\t<\/div>\n\t\t\t\t<\/div>\n\t\t\t\t<div class=\"elementor-element elementor-element-74bd695 elementor-widget elementor-widget-text-editor\" data-id=\"74bd695\" data-element_type=\"widget\" data-widget_type=\"text-editor.default\">\n\t\t\t\t<div class=\"elementor-widget-container\">\n\t\t\t\t\t\t\t\t\t<p>Gereksinimlerinizi tam olarak kar\u015f\u0131lamak i\u00e7in tamamen \u00f6zelle\u015ftirilebilir iplik \u00e7\u00f6z\u00fcmleri sunuyoruz:<\/p><ul><li><strong>Dtex<\/strong>: 800 ila 10.000<\/li><li><strong>Filamentler<\/strong>: 120 ila 420<\/li><li><strong>Spinneret \u015eekli<\/strong>: Trilobal, Delta veya \u00f6zel<\/li><li><strong>B\u00fck\u00fcm Se\u00e7enekleri<\/strong>: 40 TPM ila 700 TPM (S, Z, Tekli, Kablolama)<\/li><\/ul>\t\t\t\t\t\t\t\t<\/div>\n\t\t\t\t<\/div>\n\t\t\t\t<div class=\"elementor-element elementor-element-7f0c0b8 elementor-widget elementor-widget-heading\" data-id=\"7f0c0b8\" data-element_type=\"widget\" data-widget_type=\"heading.default\">\n\t\t\t\t<div class=\"elementor-widget-container\">\n\t\t\t\t\t<h2 class=\"elementor-heading-title elementor-size-default\">Kalite Taahh\u00fcd\u00fcm\u00fcz<\/h2>\t\t\t\t<\/div>\n\t\t\t\t<\/div>\n\t\t\t\t<div class=\"elementor-element elementor-element-7da40a0 elementor-widget elementor-widget-image\" data-id=\"7da40a0\" data-element_type=\"widget\" data-widget_type=\"image.default\">\n\t\t\t\t<div class=\"elementor-widget-container\">\n\t\t\t\t\t\t\t\t\t\t\t\t\t\t\t<img loading=\"lazy\" decoding=\"async\" width=\"800\" height=\"600\" src=\"https:\/\/golden-yarn.com\/wp-content\/uploads\/2025\/01\/Yarn-Quality-Control-1024x768.webp\" class=\"attachment-large size-large wp-image-2412\" alt=\"\" srcset=\"https:\/\/golden-yarn.com\/wp-content\/uploads\/2025\/01\/Yarn-Quality-Control-1024x768.webp 1024w, https:\/\/golden-yarn.com\/wp-content\/uploads\/2025\/01\/Yarn-Quality-Control-300x225.webp 300w, https:\/\/golden-yarn.com\/wp-content\/uploads\/2025\/01\/Yarn-Quality-Control-768x576.webp 768w, https:\/\/golden-yarn.com\/wp-content\/uploads\/2025\/01\/Yarn-Quality-Control-1536x1152.webp 1536w, https:\/\/golden-yarn.com\/wp-content\/uploads\/2025\/01\/Yarn-Quality-Control-2048x1536.webp 2048w\" sizes=\"(max-width: 800px) 100vw, 800px\">\t\t\t\t\t\t\t\t\t\t\t\t\t\t\t<\/div>\n\t\t\t\t<\/div>\n\t\t\t\t<div class=\"elementor-element elementor-element-f3b4cb0 elementor-widget elementor-widget-text-editor\" data-id=\"f3b4cb0\" data-element_type=\"widget\" data-widget_type=\"text-editor.default\">\n\t\t\t\t<div class=\"elementor-widget-container\">\n\t\t\t\t\t\t\t\t\t<p>Her \u00fcr\u00fcn, end\u00fcstri standartlar\u0131na ve \u00f6zel ihtiya\u00e7lar\u0131n\u0131za uygunlu\u011fu sa\u011flamak i\u00e7in kapsaml\u0131 kalite kontrol\u00fcnden ge\u00e7irilir. \u015eirket i\u00e7i laboratuvar\u0131m\u0131z, kusursuz performans\u0131 garanti etmek i\u00e7in uzama, mukavemet, k\u0131vr\u0131lma ve daha fazlas\u0131n\u0131 test eder. <\/p>\t\t\t\t\t\t\t\t<\/div>\n\t\t\t\t<\/div>\n\t\t\t\t<\/div>\n\t\t\t\t\t<\/div>\n\t\t\t\t<\/div>\n\t\t\t\t<\/div>\n\t\t","protected":false},"excerpt":{"rendered":"<p>Home Hakk\u0131m\u0131zda Biz Kimiz \u015eirketimiz, sadece hal\u0131 ve kilim end\u00fcstrisine hizmet veren lider bir polipropilen iplik \u00fcreticisidir. 25.000 metrekarelik \u00fcretim tesisi ve Mennan Makina, Saurer Volkmann ve Superba&#8217;n\u0131n en \u00fcst d\u00fczey ekipmanlar\u0131 ile benzersiz kalite ve \u00f6zelle\u015ftirme sunuyoruz. Tecr\u00fcbeli uzmanlar\u0131m\u0131z, 20 y\u0131l\u0131 a\u015fk\u0131n deneyimle, tutarl\u0131l\u0131k ve m\u00fckemmelli\u011fi sa\u011flamak i\u00e7in \u00fcretimin her y\u00f6n\u00fcn\u00fc denetlemektedir. Bizim ekibimiz [&hellip;]<\/p>\n","protected":false},"author":1,"featured_media":0,"parent":0,"menu_order":0,"comment_status":"closed","ping_status":"closed","template":"","meta":{"footnotes":""},"class_list":["post-3245","page","type-page","status-publish","hentry"],"_links":{"self":[{"href":"https:\/\/golden-yarn.com\/tr\/wp-json\/wp\/v2\/pages\/3245","targetHints":{"allow":["GET"]}}],"collection":[{"href":"https:\/\/golden-yarn.com\/tr\/wp-json\/wp\/v2\/pages"}],"about":[{"href":"https:\/\/golden-yarn.com\/tr\/wp-json\/wp\/v2\/types\/page"}],"author":[{"embeddable":true,"href":"https:\/\/golden-yarn.com\/tr\/wp-json\/wp\/v2\/users\/1"}],"replies":[{"embeddable":true,"href":"https:\/\/golden-yarn.com\/tr\/wp-json\/wp\/v2\/comments?post=3245"}],"version-history":[{"count":2,"href":"https:\/\/golden-yarn.com\/tr\/wp-json\/wp\/v2\/pages\/3245\/revisions"}],"predecessor-version":[{"id":4196,"href":"https:\/\/golden-yarn.com\/tr\/wp-json\/wp\/v2\/pages\/3245\/revisions\/4196"}],"wp:attachment":[{"href":"https:\/\/golden-yarn.com\/tr\/wp-json\/wp\/v2\/media?parent=3245"}],"curies":[{"name":"wp","href":"https:\/\/api.w.org\/{rel}","templated":true}]}}