{"id":3517,"date":"2024-12-24T16:48:42","date_gmt":"2024-12-24T11:48:42","guid":{"rendered":"https:\/\/golden-yarn.com\/sartlar-amp-kosullar\/"},"modified":"2025-01-11T21:11:02","modified_gmt":"2025-01-11T16:11:02","slug":"sartlar-amp-kosullar","status":"publish","type":"page","link":"https:\/\/golden-yarn.com\/tr\/sartlar-amp-kosullar\/","title":{"rendered":"\u015eartlar &amp; amp; Ko\u015fullar"},"content":{"rendered":"\t\t<div data-elementor-type=\"wp-page\" data-elementor-id=\"3517\" class=\"elementor elementor-3517 elementor-25\" data-elementor-post-type=\"page\">\n\t\t\t\t<div class=\"elementor-element elementor-element-52f94fa e-flex e-con-boxed e-con e-parent\" data-id=\"52f94fa\" data-element_type=\"container\">\n\t\t\t\t\t<div class=\"e-con-inner\">\n\t\t\t\t<div class=\"elementor-element elementor-element-15e407e elementor-widget elementor-widget-text-editor\" data-id=\"15e407e\" data-element_type=\"widget\" data-widget_type=\"text-editor.default\">\n\t\t\t\t<div class=\"elementor-widget-container\">\n\t\t\t\t\t\t\t\t\t<p data-sourcepos=\"54:1-54:26\"><strong>\u015eartlar &amp; amp; Ko\u015fullar<\/strong><\/p>\n<p data-sourcepos=\"56:1-56:33\"><strong>Y\u00fcr\u00fcrl\u00fck Tarihi:<\/strong> 02.01.2025<\/p>\n<p data-sourcepos=\"58:1-58:147\">Bu \u015eartlar ve Ko\u015fullar, Golden Yarn web sitesi &#8220;Golden-Yarn.com &#8220;u kullan\u0131m\u0131n\u0131z\u0131 y\u00f6netir. Siteyi kullanarak, bu \u015eartlar ve Ko\u015fullar\u0131 kabul etmi\u015f olursunuz. <\/p>\n<p data-sourcepos=\"60:1-60:22\"><strong>1. Sitenin Kullan\u0131m\u0131<\/strong><\/p>\n<p data-sourcepos=\"62:1-62:172\">Siteyi yaln\u0131zca yasal ama\u00e7larla ve bu H\u00fck\u00fcm ve Ko\u015fullara uygun olarak kullanmay\u0131 kabul edersiniz. Hesab\u0131n\u0131z alt\u0131nda ger\u00e7ekle\u015fen t\u00fcm faaliyetlerden siz sorumlusunuz. <\/p>\n<p data-sourcepos=\"64:1-64:28\"><strong>2. Fikri M\u00fclkiyet<\/strong><\/p>\n<p data-sourcepos=\"66:1-66:234\">Sitedeki i\u00e7erik, <span class=\"citation-10 citation-end-10\">metin, resim ve logolar dahil ancak bunlarla s\u0131n\u0131rl\u0131 olmamak \u00fczere, telif hakk\u0131 ve di\u011fer fikri m\u00fclkiyet yasalar\u0131 ile korunmaktad\u0131r. Kullanamazs\u0131n\u0131z <\/span> \u00f6nceden yaz\u0131l\u0131 iznimiz olmadan Site i\u00e7eri\u011finin herhangi biri.<span class=\"button-container hide-from-message-actions ng-star-inserted\">   <\/span><\/p>\n<p data-sourcepos=\"76:1-76:27\"><strong>3. <span class=\"citation-15\">Ge\u00e7erli Hukuk<\/span><\/strong><\/p>\n<p data-sourcepos=\"78:1-78:123\"><span class=\"citation-15 citation-end-15\">Bu H\u00fck\u00fcm ve Ko\u015fullar T\u00fcrkmenistan yasalar\u0131na g\u00f6re y\u00f6netilecek ve yorumlanacakt\u0131r.<\/span><span class=\"button-container hide-from-message-actions ng-star-inserted\">   <\/span><\/p>\n<p data-sourcepos=\"80:1-80:46\"><strong>4. Bu H\u00fck\u00fcm ve Ko\u015fullarda Yap\u0131lan De\u011fi\u015fiklikler<\/strong><\/p>\n<p data-sourcepos=\"82:1-82:161\"><span class=\"citation-16 citation-end-16\">Bu H\u00fck\u00fcm ve Ko\u015fullar\u0131 zaman zaman g\u00fcncelleyebiliriz. G\u00fcncellenmi\u015f \u015fartlar\u0131 yay\u0131nlayarak sizi herhangi bir \u00f6nemli de\u011fi\u015fiklikten haberdar edece\u011fiz <\/span> Sitede.<span class=\"button-container hide-from-message-actions ng-star-inserted\">  <\/span><\/p>\n<p data-sourcepos=\"82:1-82:161\"><strong>5. Bize Ula\u015f\u0131n<\/strong><\/p>\n<p data-sourcepos=\"86:1-86:104\">Bu \u015eartlar ve Ko\u015fullar hakk\u0131nda herhangi bir sorunuz varsa, l\u00fctfen info@golden-yarn.com adresinden bizimle ileti\u015fime ge\u00e7in.<\/p>\n\t\t\t\t\t\t\t\t<\/div>\n\t\t\t\t<\/div>\n\t\t\t\t\t<\/div>\n\t\t\t\t<\/div>\n\t\t\t\t<\/div>\n\t\t","protected":false},"excerpt":{"rendered":"<p>\u015eartlar &amp; amp; Ko\u015fullar Y\u00fcr\u00fcrl\u00fck Tarihi: 02.01.2025 Bu \u015eartlar ve Ko\u015fullar, Golden Yarn web sitesi &#8220;Golden-Yarn.com &#8220;u kullan\u0131m\u0131n\u0131z\u0131 y\u00f6netir. Siteyi kullanarak, bu \u015eartlar ve Ko\u015fullar\u0131 kabul etmi\u015f olursunuz. 1. Sitenin Kullan\u0131m\u0131 Siteyi yaln\u0131zca yasal ama\u00e7larla ve bu H\u00fck\u00fcm ve Ko\u015fullara uygun olarak kullanmay\u0131 kabul edersiniz. Hesab\u0131n\u0131z alt\u0131nda ger\u00e7ekle\u015fen t\u00fcm faaliyetlerden siz sorumlusunuz. 2. Fikri M\u00fclkiyet [&hellip;]<\/p>\n","protected":false},"author":1,"featured_media":0,"parent":0,"menu_order":0,"comment_status":"closed","ping_status":"closed","template":"","meta":{"footnotes":""},"class_list":["post-3517","page","type-page","status-publish","hentry"],"_links":{"self":[{"href":"https:\/\/golden-yarn.com\/tr\/wp-json\/wp\/v2\/pages\/3517","targetHints":{"allow":["GET"]}}],"collection":[{"href":"https:\/\/golden-yarn.com\/tr\/wp-json\/wp\/v2\/pages"}],"about":[{"href":"https:\/\/golden-yarn.com\/tr\/wp-json\/wp\/v2\/types\/page"}],"author":[{"embeddable":true,"href":"https:\/\/golden-yarn.com\/tr\/wp-json\/wp\/v2\/users\/1"}],"replies":[{"embeddable":true,"href":"https:\/\/golden-yarn.com\/tr\/wp-json\/wp\/v2\/comments?post=3517"}],"version-history":[{"count":1,"href":"https:\/\/golden-yarn.com\/tr\/wp-json\/wp\/v2\/pages\/3517\/revisions"}],"predecessor-version":[{"id":3518,"href":"https:\/\/golden-yarn.com\/tr\/wp-json\/wp\/v2\/pages\/3517\/revisions\/3518"}],"wp:attachment":[{"href":"https:\/\/golden-yarn.com\/tr\/wp-json\/wp\/v2\/media?parent=3517"}],"curies":[{"name":"wp","href":"https:\/\/api.w.org\/{rel}","templated":true}]}}